{"id":10701,"date":"2019-12-31T12:38:26","date_gmt":"2019-12-31T11:38:26","guid":{"rendered":"http:\/\/maglificioannamaria.it\/?page_id=10701"},"modified":"2024-07-16T15:16:44","modified_gmt":"2024-07-16T13:16:44","slug":"chi-siamo","status":"publish","type":"page","link":"https:\/\/www.maglificioannamaria.it\/it\/chi-siamo\/","title":{"rendered":"Chi Siamo"},"content":{"rendered":"\t\t<div data-elementor-type=\"wp-page\" data-elementor-id=\"10701\" class=\"elementor elementor-10701\" data-elementor-post-type=\"page\">\n\t\t\t\t<div class=\"elementor-element elementor-element-67947a6 e-flex e-con-boxed e-con e-parent\" data-id=\"67947a6\" data-element_type=\"container\" data-e-type=\"container\">\n\t\t\t\t\t<div class=\"e-con-inner\">\n\t\t<div class=\"elementor-element elementor-element-64357ce e-con-full e-flex e-con e-child\" data-id=\"64357ce\" data-element_type=\"container\" data-e-type=\"container\">\n\t\t\t\t<div class=\"elementor-element elementor-element-3615a2b elementor-widget elementor-widget-global elementor-global-40616 elementor-widget-heading\" data-id=\"3615a2b\" data-element_type=\"widget\" data-e-type=\"widget\" data-widget_type=\"heading.default\">\n\t\t\t\t<div class=\"elementor-widget-container\">\n\t\t\t\t\t<h1 class=\"elementor-heading-title elementor-size-default\">Chi Siamo<\/h1>\t\t\t\t<\/div>\n\t\t\t\t<\/div>\n\t\t\t\t<div class=\"elementor-element elementor-element-4f462dc elementor-widget elementor-widget-text-editor\" data-id=\"4f462dc\" data-element_type=\"widget\" data-e-type=\"widget\" data-widget_type=\"text-editor.default\">\n\t\t\t\t<div class=\"elementor-widget-container\">\n\t\t\t\t\t\t\t\t\t<p>Nato nel 1989 come impresa familiare il maglificio \u00e8 cresciuto, specializzandosi nella ricerca dei colori pi\u00f9 appropriati, nella cura della vestibilit\u00e0 e soprattutto nella selezione dei migliori filati, che rendono i capi morbidi, caldi, leggeri e resistenti nel tempo. Da oltre 30 anni il nostro laboratorio artigianale \u00e8 in grado di sviluppare collezioni controllate meticolosamente dalle prime fasi della prototip\u00eca sino al controllo qualit\u00e0 finale, che possano soddisfare uomo, donna e bambino.<\/p>\t\t\t\t\t\t\t\t<\/div>\n\t\t\t\t<\/div>\n\t\t\t\t<div class=\"elementor-element elementor-element-1927847 elementor-widget elementor-widget-video\" data-id=\"1927847\" data-element_type=\"widget\" data-e-type=\"widget\" data-settings=\"{&quot;youtube_url&quot;:&quot;https:\\\/\\\/youtu.be\\\/6gfSm3JtQtM&quot;,&quot;video_type&quot;:&quot;youtube&quot;,&quot;controls&quot;:&quot;yes&quot;}\" data-widget_type=\"video.default\">\n\t\t\t\t<div class=\"elementor-widget-container\">\n\t\t\t\t\t\t\t<div class=\"elementor-wrapper elementor-open-inline\">\n\t\t\t<div class=\"elementor-video\"><\/div>\t\t<\/div>\n\t\t\t\t\t\t<\/div>\n\t\t\t\t<\/div>\n\t\t\t\t<\/div>\n\t\t\t\t\t<\/div>\n\t\t\t\t<\/div>\n\t\t\t\t<\/div>\n\t\t","protected":false},"excerpt":{"rendered":"<p>Nato nel 1989 come impresa familiare il maglificio \u00e8 cresciuto, specializzandosi nella ricerca dei colori pi\u00f9 appropriati, nella cura della vestibilit\u00e0 e soprattutto nella selezione dei migliori filati, che rendono i capi morbidi, caldi, leggeri e resistenti nel tempo. Da oltre 30 anni il nostro laboratorio artigianale \u00e8 in grado di sviluppare collezioni controllate meticolosamente [&hellip;]<\/p>\n","protected":false},"author":102,"featured_media":0,"parent":0,"menu_order":0,"comment_status":"closed","ping_status":"closed","template":"","meta":{"footnotes":""},"class_list":["post-10701","page","type-page","status-publish","hentry"],"_links":{"self":[{"href":"https:\/\/www.maglificioannamaria.it\/it\/wp-json\/wp\/v2\/pages\/10701","targetHints":{"allow":["GET"]}}],"collection":[{"href":"https:\/\/www.maglificioannamaria.it\/it\/wp-json\/wp\/v2\/pages"}],"about":[{"href":"https:\/\/www.maglificioannamaria.it\/it\/wp-json\/wp\/v2\/types\/page"}],"author":[{"embeddable":true,"href":"https:\/\/www.maglificioannamaria.it\/it\/wp-json\/wp\/v2\/users\/102"}],"replies":[{"embeddable":true,"href":"https:\/\/www.maglificioannamaria.it\/it\/wp-json\/wp\/v2\/comments?post=10701"}],"version-history":[{"count":0,"href":"https:\/\/www.maglificioannamaria.it\/it\/wp-json\/wp\/v2\/pages\/10701\/revisions"}],"wp:attachment":[{"href":"https:\/\/www.maglificioannamaria.it\/it\/wp-json\/wp\/v2\/media?parent=10701"}],"curies":[{"name":"wp","href":"https:\/\/api.w.org\/{rel}","templated":true}]}}