{"id":1087,"date":"2017-02-24T14:16:47","date_gmt":"2017-02-24T13:16:47","guid":{"rendered":"http:\/\/import.getbowtied.com\/shopkeeper-v2\/?page_id=1087"},"modified":"2025-11-17T10:06:44","modified_gmt":"2025-11-17T09:06:44","slug":"domande-frequenti","status":"publish","type":"page","link":"https:\/\/www.maglificioannamaria.it\/it\/domande-frequenti\/","title":{"rendered":"Domande Frequenti"},"content":{"rendered":"\t\t<div data-elementor-type=\"wp-page\" data-elementor-id=\"1087\" class=\"elementor elementor-1087\" data-elementor-post-type=\"page\">\n\t\t\t\t<div class=\"elementor-element elementor-element-99549e5 e-flex e-con-boxed e-con e-parent\" data-id=\"99549e5\" data-element_type=\"container\" data-e-type=\"container\">\n\t\t\t\t\t<div class=\"e-con-inner\">\n\t\t\t\t<div class=\"elementor-element elementor-element-d1050e8 elementor-widget elementor-widget-global elementor-global-40616 elementor-widget-heading\" data-id=\"d1050e8\" data-element_type=\"widget\" data-e-type=\"widget\" data-widget_type=\"heading.default\">\n\t\t\t\t<div class=\"elementor-widget-container\">\n\t\t\t\t\t<h1 class=\"elementor-heading-title elementor-size-default\">Domande Frequenti<\/h1>\t\t\t\t<\/div>\n\t\t\t\t<\/div>\n\t\t\t\t<div class=\"elementor-element elementor-element-11cc793 elementor-widget elementor-widget-n-accordion\" data-id=\"11cc793\" data-element_type=\"widget\" data-e-type=\"widget\" data-settings=\"{&quot;default_state&quot;:&quot;all_collapsed&quot;,&quot;max_items_expended&quot;:&quot;multiple&quot;,&quot;n_accordion_animation_duration&quot;:{&quot;unit&quot;:&quot;ms&quot;,&quot;size&quot;:400,&quot;sizes&quot;:[]}}\" data-widget_type=\"nested-accordion.default\">\n\t\t\t\t<div class=\"elementor-widget-container\">\n\t\t\t\t\t\t\t<div class=\"e-n-accordion\" aria-label=\"Accordion. Open links with Enter or Space, close with Escape, and navigate with Arrow Keys\">\n\t\t\t\t\t\t<details id=\"e-n-accordion-item-1860\" class=\"e-n-accordion-item\" >\n\t\t\t\t<summary class=\"e-n-accordion-item-title\" data-accordion-index=\"1\" tabindex=\"0\" aria-expanded=\"false\" aria-controls=\"e-n-accordion-item-1860\" >\n\t\t\t\t\t<span class='e-n-accordion-item-title-header'><div class=\"e-n-accordion-item-title-text\"> \u00c9 obbligatorio creare un account? <\/div><\/span>\n\t\t\t\t\t\t\t<span class='e-n-accordion-item-title-icon'>\n\t\t\t<span class='e-opened' ><svg aria-hidden=\"true\" class=\"e-font-icon-svg e-fas-minus\" viewBox=\"0 0 448 512\" xmlns=\"http:\/\/www.w3.org\/2000\/svg\"><path d=\"M416 208H32c-17.67 0-32 14.33-32 32v32c0 17.67 14.33 32 32 32h384c17.67 0 32-14.33 32-32v-32c0-17.67-14.33-32-32-32z\"><\/path><\/svg><\/span>\n\t\t\t<span class='e-closed'><svg aria-hidden=\"true\" class=\"e-font-icon-svg e-fas-plus\" viewBox=\"0 0 448 512\" xmlns=\"http:\/\/www.w3.org\/2000\/svg\"><path d=\"M416 208H272V64c0-17.67-14.33-32-32-32h-32c-17.67 0-32 14.33-32 32v144H32c-17.67 0-32 14.33-32 32v32c0 17.67 14.33 32 32 32h144v144c0 17.67 14.33 32 32 32h32c17.67 0 32-14.33 32-32V304h144c17.67 0 32-14.33 32-32v-32c0-17.67-14.33-32-32-32z\"><\/path><\/svg><\/span>\n\t\t<\/span>\n\n\t\t\t\t\t\t<\/summary>\n\t\t\t\t<div role=\"region\" aria-labelledby=\"e-n-accordion-item-1860\" class=\"elementor-element elementor-element-3434cb4 e-con-full e-flex e-con e-child\" data-id=\"3434cb4\" data-element_type=\"container\" data-e-type=\"container\">\n\t\t\t\t<div class=\"elementor-element elementor-element-7e03022 elementor-widget elementor-widget-text-editor\" data-id=\"7e03022\" data-element_type=\"widget\" data-e-type=\"widget\" data-widget_type=\"text-editor.default\">\n\t\t\t\t<div class=\"elementor-widget-container\">\n\t\t\t\t\t\t\t\t\t<p>No, puoi creare un account come ospite, in fase di checkout seleziona \u2018<em>crea un account gratuito<\/em>\u2019, ma registrandoti sul sito avrai la possibilit\u00e0 di visualizzare sempre i tuoi indirizzi di spedizione, la tua cronologia degli acquisti e i prodotti inseriti nella \u2018Lista dei desideri\u2019 (Wishlist), cos\u00ec sar\u00e0 pi\u00f9 facile ritrovarli ed il tuo acquisto sar\u00e0 ancora pi\u00f9 piacevole.<\/p>\t\t\t\t\t\t\t\t<\/div>\n\t\t\t\t<\/div>\n\t\t\t\t<\/div>\n\t\t\t\t\t<\/details>\n\t\t\t\t\t\t<details id=\"e-n-accordion-item-1861\" class=\"e-n-accordion-item\" >\n\t\t\t\t<summary class=\"e-n-accordion-item-title\" data-accordion-index=\"2\" tabindex=\"-1\" aria-expanded=\"false\" aria-controls=\"e-n-accordion-item-1861\" >\n\t\t\t\t\t<span class='e-n-accordion-item-title-header'><div class=\"e-n-accordion-item-title-text\"> Pagamenti <\/div><\/span>\n\t\t\t\t\t\t\t<span class='e-n-accordion-item-title-icon'>\n\t\t\t<span class='e-opened' ><svg aria-hidden=\"true\" class=\"e-font-icon-svg e-fas-minus\" viewBox=\"0 0 448 512\" xmlns=\"http:\/\/www.w3.org\/2000\/svg\"><path d=\"M416 208H32c-17.67 0-32 14.33-32 32v32c0 17.67 14.33 32 32 32h384c17.67 0 32-14.33 32-32v-32c0-17.67-14.33-32-32-32z\"><\/path><\/svg><\/span>\n\t\t\t<span class='e-closed'><svg aria-hidden=\"true\" class=\"e-font-icon-svg e-fas-plus\" viewBox=\"0 0 448 512\" xmlns=\"http:\/\/www.w3.org\/2000\/svg\"><path d=\"M416 208H272V64c0-17.67-14.33-32-32-32h-32c-17.67 0-32 14.33-32 32v144H32c-17.67 0-32 14.33-32 32v32c0 17.67 14.33 32 32 32h144v144c0 17.67 14.33 32 32 32h32c17.67 0 32-14.33 32-32V304h144c17.67 0 32-14.33 32-32v-32c0-17.67-14.33-32-32-32z\"><\/path><\/svg><\/span>\n\t\t<\/span>\n\n\t\t\t\t\t\t<\/summary>\n\t\t\t\t<div role=\"region\" aria-labelledby=\"e-n-accordion-item-1861\" class=\"elementor-element elementor-element-57829ce e-con-full e-flex e-con e-child\" data-id=\"57829ce\" data-element_type=\"container\" data-e-type=\"container\">\n\t\t\t\t<div class=\"elementor-element elementor-element-da8acf3 elementor-widget elementor-widget-text-editor\" data-id=\"da8acf3\" data-element_type=\"widget\" data-e-type=\"widget\" data-widget_type=\"text-editor.default\">\n\t\t\t\t<div class=\"elementor-widget-container\">\n\t\t\t\t\t\t\t\t\t<p>Noi del Maglificio siamo attenti alla tua sicurezza in ogni fase del tuo acquisto.<\/p><p>Sul nostro shop potrai effettuare il pagamento con diverse modalit\u00e0:<\/p><ul><li><strong>Carta di credito<\/strong>: accettiamo queste carte di credito: Visa, MasterCard, American Express, Postepay, CartaS\u00ec, Diners Club, Maestro, sar\u00e0 sufficiente inserire i dati della carta negli appositi campi ed il codice CVV (Card Verification Value);<\/li><li><strong>Paypal<\/strong>: potrai fare un pagamento online senza costi e senza condividere i dati della carta, puoi anche creare un nuovo account Paypal;<\/li><li><strong>GPay<\/strong>: potrai pagare tramite l\u2019app sul tuo smartphone;<\/li><li><strong>Bonifico Bancario<\/strong><\/li><li>N.B. al momento non \u00e8 possibile pagare tramite contrassegno<\/li><\/ul>\t\t\t\t\t\t\t\t<\/div>\n\t\t\t\t<\/div>\n\t\t\t\t<\/div>\n\t\t\t\t\t<\/details>\n\t\t\t\t\t\t<details id=\"e-n-accordion-item-1862\" class=\"e-n-accordion-item\" >\n\t\t\t\t<summary class=\"e-n-accordion-item-title\" data-accordion-index=\"3\" tabindex=\"-1\" aria-expanded=\"false\" aria-controls=\"e-n-accordion-item-1862\" >\n\t\t\t\t\t<span class='e-n-accordion-item-title-header'><div class=\"e-n-accordion-item-title-text\"> Spedizione e Consegna <\/div><\/span>\n\t\t\t\t\t\t\t<span class='e-n-accordion-item-title-icon'>\n\t\t\t<span class='e-opened' ><svg aria-hidden=\"true\" class=\"e-font-icon-svg e-fas-minus\" viewBox=\"0 0 448 512\" xmlns=\"http:\/\/www.w3.org\/2000\/svg\"><path d=\"M416 208H32c-17.67 0-32 14.33-32 32v32c0 17.67 14.33 32 32 32h384c17.67 0 32-14.33 32-32v-32c0-17.67-14.33-32-32-32z\"><\/path><\/svg><\/span>\n\t\t\t<span class='e-closed'><svg aria-hidden=\"true\" class=\"e-font-icon-svg e-fas-plus\" viewBox=\"0 0 448 512\" xmlns=\"http:\/\/www.w3.org\/2000\/svg\"><path d=\"M416 208H272V64c0-17.67-14.33-32-32-32h-32c-17.67 0-32 14.33-32 32v144H32c-17.67 0-32 14.33-32 32v32c0 17.67 14.33 32 32 32h144v144c0 17.67 14.33 32 32 32h32c17.67 0 32-14.33 32-32V304h144c17.67 0 32-14.33 32-32v-32c0-17.67-14.33-32-32-32z\"><\/path><\/svg><\/span>\n\t\t<\/span>\n\n\t\t\t\t\t\t<\/summary>\n\t\t\t\t<div role=\"region\" aria-labelledby=\"e-n-accordion-item-1862\" class=\"elementor-element elementor-element-d6bc1b6 e-con-full e-flex e-con e-child\" data-id=\"d6bc1b6\" data-element_type=\"container\" data-e-type=\"container\">\n\t\t\t\t<div class=\"elementor-element elementor-element-f42efa1 elementor-widget elementor-widget-text-editor\" data-id=\"f42efa1\" data-element_type=\"widget\" data-e-type=\"widget\" data-widget_type=\"text-editor.default\">\n\t\t\t\t<div class=\"elementor-widget-container\">\n\t\t\t\t\t\t\t\t\t<p>A ordine completato, riceverai una mail con la conferma del tuo ordine.<\/p><p>La spedizione verr\u00e0 fatta tramite nostro corriere espresso.<\/p><p>La consegna avviene entro 3-5 giorni lavorativi (non effettua consegne il sabato, la domenica e festivi)<\/p><p>Il costo della spedizione \u00e8 pari ad euro 6,90 IVA inclusa.<\/p><p>\u00c8 gratuita per ordini superiori a 100 euro, eccetto promozioni in corso (es. 3\u00d72, etc..)<\/p><p>Il corriere consegna in tutta la Penisola, tranne che in queste localit\u00e0 (si veda la tabella).<\/p><p>Puoi\u00a0<a href=\"https:\/\/www.maglificioannamaria.it\/newsletter\" target=\"_blank\" rel=\"noopener\">iscriverti alla newsletter<\/a>\u00a0per ottenere la spedizione gratuita sul tuo primo ordine.<\/p>\t\t\t\t\t\t\t\t<\/div>\n\t\t\t\t<\/div>\n\t\t\t\t<\/div>\n\t\t\t\t\t<\/details>\n\t\t\t\t\t\t<details id=\"e-n-accordion-item-1863\" class=\"e-n-accordion-item\" >\n\t\t\t\t<summary class=\"e-n-accordion-item-title\" data-accordion-index=\"4\" tabindex=\"-1\" aria-expanded=\"false\" aria-controls=\"e-n-accordion-item-1863\" >\n\t\t\t\t\t<span class='e-n-accordion-item-title-header'><div class=\"e-n-accordion-item-title-text\"> Resi <\/div><\/span>\n\t\t\t\t\t\t\t<span class='e-n-accordion-item-title-icon'>\n\t\t\t<span class='e-opened' ><svg aria-hidden=\"true\" class=\"e-font-icon-svg e-fas-minus\" viewBox=\"0 0 448 512\" xmlns=\"http:\/\/www.w3.org\/2000\/svg\"><path d=\"M416 208H32c-17.67 0-32 14.33-32 32v32c0 17.67 14.33 32 32 32h384c17.67 0 32-14.33 32-32v-32c0-17.67-14.33-32-32-32z\"><\/path><\/svg><\/span>\n\t\t\t<span class='e-closed'><svg aria-hidden=\"true\" class=\"e-font-icon-svg e-fas-plus\" viewBox=\"0 0 448 512\" xmlns=\"http:\/\/www.w3.org\/2000\/svg\"><path d=\"M416 208H272V64c0-17.67-14.33-32-32-32h-32c-17.67 0-32 14.33-32 32v144H32c-17.67 0-32 14.33-32 32v32c0 17.67 14.33 32 32 32h144v144c0 17.67 14.33 32 32 32h32c17.67 0 32-14.33 32-32V304h144c17.67 0 32-14.33 32-32v-32c0-17.67-14.33-32-32-32z\"><\/path><\/svg><\/span>\n\t\t<\/span>\n\n\t\t\t\t\t\t<\/summary>\n\t\t\t\t<div role=\"region\" aria-labelledby=\"e-n-accordion-item-1863\" class=\"elementor-element elementor-element-4f63aed e-flex e-con-boxed e-con e-child\" data-id=\"4f63aed\" data-element_type=\"container\" data-e-type=\"container\">\n\t\t\t\t\t<div class=\"e-con-inner\">\n\t\t\t\t<div class=\"elementor-element elementor-element-d7d105c elementor-widget elementor-widget-text-editor\" data-id=\"d7d105c\" data-element_type=\"widget\" data-e-type=\"widget\" data-widget_type=\"text-editor.default\">\n\t\t\t\t<div class=\"elementor-widget-container\">\n\t\t\t\t\t\t\t\t\t<p>Hai la possibilit\u00e0 di rendere il tuo ordine entro 14 giorni dalla ricezione della spedizione.<\/p><p>Attenzione: non tutti i prodotti sono disponibili per il reso. Nella procedura di reso non saranno selezionabili i prodotti non disponibili (es. prodotti in saldo).<\/p><p><em>Non hai creato un account in fase d\u2019ordine?<\/em><br \/>Inserisci nel\u00a0<a href=\"https:\/\/maglificioannamaria.it\/resi\/\" target=\"_blank\" rel=\"noopener\">modulo richiesta resi<\/a>\u00a0il numero d\u2019ordine e la mail utilizzata e segui la procedura guidata.<\/p><p><em>Hai creato un account?<\/em><br \/>Effettua l\u2019accesso\u00a0<a href=\"https:\/\/maglificioannamaria.it\/account\/\" target=\"_blank\" rel=\"noopener\">cliccando qui<\/a>.<br \/>Nella sezione\u00a0<em>Ordini<\/em>\u00a0puoi cliccare su\u00a0<em>Reso<\/em>\u00a0(visibile solo se non sono passati 14 giorni dall\u2019ordine) per iniziare la procedura di reso.<\/p><p>Attendi la nostra mail di conferma, poi:<\/p><p><em>Hai scelto di consegnare il pacco al nostro corriere?<\/em><\/p><ol><li>Comunicaci il giorno e la fascia oraria tra quelle indicate nella mail per organizzare il ritiro tramite nostro corriere<\/li><li>Inserisci l\u2019articolo\/gli articoli ben ripiegati ed imballati\u00a0 nella scatola o busta con cui ha ricevuto l\u2019ordine, tutti dotati di etichette e cartellini (attenzione: non accetteremo i resi degli articoli che ne sono privi) \u2013 in alternativa va bene anche un imballo da te preparato<\/li><li>sigilla il tutto con del nastro adesivo e consegna al corriere<\/li><\/ol><p><em><br \/>Hai scelto di spedire il reso con un tuo corriere?<\/em><\/p><p>L\u2019indirizzo di spedizione \u00e8 questo:<\/p><p>Maglificio Annamaria<br \/>Via Vittoria 75<br \/>36065 Mussolente (VI)<\/p><p>Tel. 0424 577 577<\/p><p>\u00a0<\/p><p><em>Hai scelto di consegnare il pacco presso un nostro punto vendita o mercato?<\/em><\/p><p>Contatta la nostra Assistenza clienti al numero 0424 577 577.<\/p><p>Inserisci l\u2019articolo\/gli articoli nella scatola o busta con cui ha ricevuto l\u2019ordine e consegnali al personale del Maglificio.<\/p>\t\t\t\t\t\t\t\t<\/div>\n\t\t\t\t<\/div>\n\t\t\t\t\t<\/div>\n\t\t\t\t<\/div>\n\t\t\t\t\t<\/details>\n\t\t\t\t\t\t<details id=\"e-n-accordion-item-1864\" class=\"e-n-accordion-item\" >\n\t\t\t\t<summary class=\"e-n-accordion-item-title\" data-accordion-index=\"5\" tabindex=\"-1\" aria-expanded=\"false\" aria-controls=\"e-n-accordion-item-1864\" >\n\t\t\t\t\t<span class='e-n-accordion-item-title-header'><div class=\"e-n-accordion-item-title-text\"> Rimborsi <\/div><\/span>\n\t\t\t\t\t\t\t<span class='e-n-accordion-item-title-icon'>\n\t\t\t<span class='e-opened' ><svg aria-hidden=\"true\" class=\"e-font-icon-svg e-fas-minus\" viewBox=\"0 0 448 512\" xmlns=\"http:\/\/www.w3.org\/2000\/svg\"><path d=\"M416 208H32c-17.67 0-32 14.33-32 32v32c0 17.67 14.33 32 32 32h384c17.67 0 32-14.33 32-32v-32c0-17.67-14.33-32-32-32z\"><\/path><\/svg><\/span>\n\t\t\t<span class='e-closed'><svg aria-hidden=\"true\" class=\"e-font-icon-svg e-fas-plus\" viewBox=\"0 0 448 512\" xmlns=\"http:\/\/www.w3.org\/2000\/svg\"><path d=\"M416 208H272V64c0-17.67-14.33-32-32-32h-32c-17.67 0-32 14.33-32 32v144H32c-17.67 0-32 14.33-32 32v32c0 17.67 14.33 32 32 32h144v144c0 17.67 14.33 32 32 32h32c17.67 0 32-14.33 32-32V304h144c17.67 0 32-14.33 32-32v-32c0-17.67-14.33-32-32-32z\"><\/path><\/svg><\/span>\n\t\t<\/span>\n\n\t\t\t\t\t\t<\/summary>\n\t\t\t\t<div role=\"region\" aria-labelledby=\"e-n-accordion-item-1864\" class=\"elementor-element elementor-element-c7ce720 e-flex e-con-boxed e-con e-child\" data-id=\"c7ce720\" data-element_type=\"container\" data-e-type=\"container\">\n\t\t\t\t\t<div class=\"e-con-inner\">\n\t\t\t\t<div class=\"elementor-element elementor-element-841d5f1 elementor-widget elementor-widget-text-editor\" data-id=\"841d5f1\" data-element_type=\"widget\" data-e-type=\"widget\" data-widget_type=\"text-editor.default\">\n\t\t\t\t<div class=\"elementor-widget-container\">\n\t\t\t\t\t\t\t\t\t<p>Non appena il tuo reso giunger\u00e0 alla nostra sede verr\u00e0 verificato, e se rispetta le regole sui resi procederemo cos\u00ec:<\/p><ul><li>Se hai scelto di\u00a0<em>consegnare il pacco al nostro corriere<\/em>\u00a0procederemo al rimborso, nella modalit\u00e0 da te indicata, entro pochi giorni detraendo da questo il costo del ritiro tramite corriere (euro 6,90);<\/li><li>Se hai scelto di\u00a0<em>spedire il reso con un tuo corriere<\/em>\u00a0procederemo al rimborso, nella modalit\u00e0 da te indicata, dell\u2019intero costo del bene entro pochi giorni;<\/li><li>Se hai scelto di\u00a0<em>consegnare il pacco presso un nostro punto vendita o mercato<\/em>, procederemo al rimborso come concordato telefonicamente;<\/li><\/ul>\t\t\t\t\t\t\t\t<\/div>\n\t\t\t\t<\/div>\n\t\t\t\t\t<\/div>\n\t\t\t\t<\/div>\n\t\t\t\t\t<\/details>\n\t\t\t\t\t\t<details id=\"e-n-accordion-item-1865\" class=\"e-n-accordion-item\" >\n\t\t\t\t<summary class=\"e-n-accordion-item-title\" data-accordion-index=\"6\" tabindex=\"-1\" aria-expanded=\"false\" aria-controls=\"e-n-accordion-item-1865\" >\n\t\t\t\t\t<span class='e-n-accordion-item-title-header'><div class=\"e-n-accordion-item-title-text\"> Cambi <\/div><\/span>\n\t\t\t\t\t\t\t<span class='e-n-accordion-item-title-icon'>\n\t\t\t<span class='e-opened' ><svg aria-hidden=\"true\" class=\"e-font-icon-svg e-fas-minus\" viewBox=\"0 0 448 512\" xmlns=\"http:\/\/www.w3.org\/2000\/svg\"><path d=\"M416 208H32c-17.67 0-32 14.33-32 32v32c0 17.67 14.33 32 32 32h384c17.67 0 32-14.33 32-32v-32c0-17.67-14.33-32-32-32z\"><\/path><\/svg><\/span>\n\t\t\t<span class='e-closed'><svg aria-hidden=\"true\" class=\"e-font-icon-svg e-fas-plus\" viewBox=\"0 0 448 512\" xmlns=\"http:\/\/www.w3.org\/2000\/svg\"><path d=\"M416 208H272V64c0-17.67-14.33-32-32-32h-32c-17.67 0-32 14.33-32 32v144H32c-17.67 0-32 14.33-32 32v32c0 17.67 14.33 32 32 32h144v144c0 17.67 14.33 32 32 32h32c17.67 0 32-14.33 32-32V304h144c17.67 0 32-14.33 32-32v-32c0-17.67-14.33-32-32-32z\"><\/path><\/svg><\/span>\n\t\t<\/span>\n\n\t\t\t\t\t\t<\/summary>\n\t\t\t\t<div role=\"region\" aria-labelledby=\"e-n-accordion-item-1865\" class=\"elementor-element elementor-element-5b0405d e-flex e-con-boxed e-con e-child\" data-id=\"5b0405d\" data-element_type=\"container\" data-e-type=\"container\">\n\t\t\t\t\t<div class=\"e-con-inner\">\n\t\t\t\t<div class=\"elementor-element elementor-element-7408af3 elementor-widget elementor-widget-text-editor\" data-id=\"7408af3\" data-element_type=\"widget\" data-e-type=\"widget\" data-widget_type=\"text-editor.default\">\n\t\t\t\t<div class=\"elementor-widget-container\">\n\t\t\t\t\t\t\t\t\t<p>In caso tu voglia procedere con un cambio articolo, hai 14 giorni di tempo dalla ricezione dell\u2019ordine.<\/p><p>Contattaci telefonicamente allo 0424 577577 o via mail a\u00a0<a href=\"mailto:shop@maglificioannamaria.it\">shop@maglificioannamaria.it<\/a>\u00a0e verrai seguito passo dopo passo dalla nostra Assistenza Clienti.<\/p><p>N.B. il cambio \u00e8 totalmente a carico del cliente in caso di promozioni in corso (es. 3\u00d72).<\/p>\t\t\t\t\t\t\t\t<\/div>\n\t\t\t\t<\/div>\n\t\t\t\t\t<\/div>\n\t\t\t\t<\/div>\n\t\t\t\t\t<\/details>\n\t\t\t\t\t\t<details id=\"e-n-accordion-item-1866\" class=\"e-n-accordion-item\" >\n\t\t\t\t<summary class=\"e-n-accordion-item-title\" data-accordion-index=\"7\" tabindex=\"-1\" aria-expanded=\"false\" aria-controls=\"e-n-accordion-item-1866\" >\n\t\t\t\t\t<span class='e-n-accordion-item-title-header'><div class=\"e-n-accordion-item-title-text\"> Guida alle taglie <\/div><\/span>\n\t\t\t\t\t\t\t<span class='e-n-accordion-item-title-icon'>\n\t\t\t<span class='e-opened' ><svg aria-hidden=\"true\" class=\"e-font-icon-svg e-fas-minus\" viewBox=\"0 0 448 512\" xmlns=\"http:\/\/www.w3.org\/2000\/svg\"><path d=\"M416 208H32c-17.67 0-32 14.33-32 32v32c0 17.67 14.33 32 32 32h384c17.67 0 32-14.33 32-32v-32c0-17.67-14.33-32-32-32z\"><\/path><\/svg><\/span>\n\t\t\t<span class='e-closed'><svg aria-hidden=\"true\" class=\"e-font-icon-svg e-fas-plus\" viewBox=\"0 0 448 512\" xmlns=\"http:\/\/www.w3.org\/2000\/svg\"><path d=\"M416 208H272V64c0-17.67-14.33-32-32-32h-32c-17.67 0-32 14.33-32 32v144H32c-17.67 0-32 14.33-32 32v32c0 17.67 14.33 32 32 32h144v144c0 17.67 14.33 32 32 32h32c17.67 0 32-14.33 32-32V304h144c17.67 0 32-14.33 32-32v-32c0-17.67-14.33-32-32-32z\"><\/path><\/svg><\/span>\n\t\t<\/span>\n\n\t\t\t\t\t\t<\/summary>\n\t\t\t\t<div role=\"region\" aria-labelledby=\"e-n-accordion-item-1866\" class=\"elementor-element elementor-element-bfabda3 e-flex e-con-boxed e-con e-child\" data-id=\"bfabda3\" data-element_type=\"container\" data-e-type=\"container\">\n\t\t\t\t\t<div class=\"e-con-inner\">\n\t\t\t\t<div class=\"elementor-element elementor-element-ecbb170 elementor-widget elementor-widget-text-editor\" data-id=\"ecbb170\" data-element_type=\"widget\" data-e-type=\"widget\" data-widget_type=\"text-editor.default\">\n\t\t\t\t<div class=\"elementor-widget-container\">\n\t\t\t\t\t\t\t\t\t<p>Per scegliere la taglia corretta, ti invitiamo a visionare la tabella misure nella scheda di ogni prodotto; vedi le tabelle esempio qui sotto.<\/p><p>N.B. fai attenzione anche alla vestibilit\u00e0 del modello, ed alla spalla raglan: in questo caso la \u2018lunghezza manica\u2019 va misurata dal centro del collo.<\/p><p>Per ogni ulteriore dubbio, contattaci telefonicamente o\u00a0 via mail.<\/p><p><em>esempio 1<\/em><\/p><p><img fetchpriority=\"high\" decoding=\"async\" class=\"alignnone size-full wp-image-29297\" src=\"http:\/\/maglificioannamaria.it\/wp-content\/uploads\/2023\/04\/esempio-tabella-taglie-1.jpg\" alt=\"\" width=\"643\" height=\"140\" srcset=\"https:\/\/www.maglificioannamaria.it\/wp-content\/uploads\/2023\/04\/esempio-tabella-taglie-1.jpg 643w, https:\/\/www.maglificioannamaria.it\/wp-content\/uploads\/2023\/04\/esempio-tabella-taglie-1-570x124.jpg 570w\" sizes=\"(max-width: 643px) 100vw, 643px\" \/><\/p><p><em>esempio 2<br \/><\/em><strong>Modello Standard<\/strong><\/p><p><img decoding=\"async\" class=\"alignnone size-full wp-image-29296\" src=\"http:\/\/maglificioannamaria.it\/wp-content\/uploads\/2023\/04\/esempio-tabella-taglie-2-modello-standard.jpg\" alt=\"\" width=\"345\" height=\"235\" \/><\/p><p><em>esempio 3<br \/><\/em><strong>Modello Raglan<\/strong><\/p><p><img decoding=\"async\" class=\"alignnone size-full wp-image-29295\" src=\"http:\/\/maglificioannamaria.it\/wp-content\/uploads\/2023\/04\/esempio-tabella-taglie-3-modello-raglan.jpg\" alt=\"\" width=\"382\" height=\"267\" \/><\/p>\t\t\t\t\t\t\t\t<\/div>\n\t\t\t\t<\/div>\n\t\t\t\t\t<\/div>\n\t\t\t\t<\/div>\n\t\t\t\t\t<\/details>\n\t\t\t\t\t\t<details id=\"e-n-accordion-item-1867\" class=\"e-n-accordion-item\" >\n\t\t\t\t<summary class=\"e-n-accordion-item-title\" data-accordion-index=\"8\" tabindex=\"-1\" aria-expanded=\"false\" aria-controls=\"e-n-accordion-item-1867\" >\n\t\t\t\t\t<span class='e-n-accordion-item-title-header'><div class=\"e-n-accordion-item-title-text\"> Come prenderti cura dei capi <\/div><\/span>\n\t\t\t\t\t\t\t<span class='e-n-accordion-item-title-icon'>\n\t\t\t<span class='e-opened' ><svg aria-hidden=\"true\" class=\"e-font-icon-svg e-fas-minus\" viewBox=\"0 0 448 512\" xmlns=\"http:\/\/www.w3.org\/2000\/svg\"><path d=\"M416 208H32c-17.67 0-32 14.33-32 32v32c0 17.67 14.33 32 32 32h384c17.67 0 32-14.33 32-32v-32c0-17.67-14.33-32-32-32z\"><\/path><\/svg><\/span>\n\t\t\t<span class='e-closed'><svg aria-hidden=\"true\" class=\"e-font-icon-svg e-fas-plus\" viewBox=\"0 0 448 512\" xmlns=\"http:\/\/www.w3.org\/2000\/svg\"><path d=\"M416 208H272V64c0-17.67-14.33-32-32-32h-32c-17.67 0-32 14.33-32 32v144H32c-17.67 0-32 14.33-32 32v32c0 17.67 14.33 32 32 32h144v144c0 17.67 14.33 32 32 32h32c17.67 0 32-14.33 32-32V304h144c17.67 0 32-14.33 32-32v-32c0-17.67-14.33-32-32-32z\"><\/path><\/svg><\/span>\n\t\t<\/span>\n\n\t\t\t\t\t\t<\/summary>\n\t\t\t\t<div role=\"region\" aria-labelledby=\"e-n-accordion-item-1867\" class=\"elementor-element elementor-element-3629f5c e-flex e-con-boxed e-con e-child\" data-id=\"3629f5c\" data-element_type=\"container\" data-e-type=\"container\">\n\t\t\t\t\t<div class=\"e-con-inner\">\n\t\t\t\t<div class=\"elementor-element elementor-element-fee92a7 elementor-widget elementor-widget-text-editor\" data-id=\"fee92a7\" data-element_type=\"widget\" data-e-type=\"widget\" data-widget_type=\"text-editor.default\">\n\t\t\t\t<div class=\"elementor-widget-container\">\n\t\t\t\t\t\t\t\t\t<p>Ti suggeriamo di visitare la nostra\u00a0<a href=\"https:\/\/maglificioannamaria.it\/consigli\/\">pagina dedicata ai Consigli<\/a>\u00a0per scoprire come puoi prenderti cura dei capi acquistati.<\/p>\t\t\t\t\t\t\t\t<\/div>\n\t\t\t\t<\/div>\n\t\t\t\t\t<\/div>\n\t\t\t\t<\/div>\n\t\t\t\t\t<\/details>\n\t\t\t\t\t<\/div>\n\t\t\t\t\t\t<\/div>\n\t\t\t\t<\/div>\n\t\t\t\t\t<\/div>\n\t\t\t\t<\/div>\n\t\t\t\t<\/div>\n\t\t","protected":false},"excerpt":{"rendered":"<p>Regole Black Friday Spedizione quando attiva la promozione 3&#215;2, le spese di spedizione sono a carico del cliente secondo le tariffe in vigore Resi Hai la possibilit\u00e0 di rendere il tuo ordine entro 14 giorni dalla ricezione della spedizione E\u2019 necessario rendere tutti e 3 gli articoli acquistati (o multipli), non saranno accettati resi di [&hellip;]<\/p>\n","protected":false},"author":3,"featured_media":0,"parent":0,"menu_order":0,"comment_status":"closed","ping_status":"closed","template":"","meta":{"footnotes":""},"class_list":["post-1087","page","type-page","status-publish","hentry"],"_links":{"self":[{"href":"https:\/\/www.maglificioannamaria.it\/it\/wp-json\/wp\/v2\/pages\/1087","targetHints":{"allow":["GET"]}}],"collection":[{"href":"https:\/\/www.maglificioannamaria.it\/it\/wp-json\/wp\/v2\/pages"}],"about":[{"href":"https:\/\/www.maglificioannamaria.it\/it\/wp-json\/wp\/v2\/types\/page"}],"author":[{"embeddable":true,"href":"https:\/\/www.maglificioannamaria.it\/it\/wp-json\/wp\/v2\/users\/3"}],"replies":[{"embeddable":true,"href":"https:\/\/www.maglificioannamaria.it\/it\/wp-json\/wp\/v2\/comments?post=1087"}],"version-history":[{"count":0,"href":"https:\/\/www.maglificioannamaria.it\/it\/wp-json\/wp\/v2\/pages\/1087\/revisions"}],"wp:attachment":[{"href":"https:\/\/www.maglificioannamaria.it\/it\/wp-json\/wp\/v2\/media?parent=1087"}],"curies":[{"name":"wp","href":"https:\/\/api.w.org\/{rel}","templated":true}]}}