{"id":39959,"date":"2024-06-19T16:24:18","date_gmt":"2024-06-19T14:24:18","guid":{"rendered":"https:\/\/www.maglificioannamaria.it\/?page_id=39959"},"modified":"2026-05-15T11:56:05","modified_gmt":"2026-05-15T09:56:05","slug":"mercati","status":"publish","type":"page","link":"https:\/\/www.maglificioannamaria.it\/it\/mercati\/","title":{"rendered":"Mercati"},"content":{"rendered":"\t\t<div data-elementor-type=\"wp-page\" data-elementor-id=\"39959\" class=\"elementor elementor-39959\" data-elementor-post-type=\"page\">\n\t\t\t\t<div class=\"elementor-element elementor-element-4314572 e-flex e-con-boxed e-con e-parent\" data-id=\"4314572\" data-element_type=\"container\" data-e-type=\"container\">\n\t\t\t\t\t<div class=\"e-con-inner\">\n\t\t\t\t<div class=\"elementor-element elementor-element-f340bad elementor-widget elementor-widget-heading\" data-id=\"f340bad\" data-element_type=\"widget\" data-e-type=\"widget\" data-widget_type=\"heading.default\">\n\t\t\t\t<div class=\"elementor-widget-container\">\n\t\t\t\t\t<h1 class=\"elementor-heading-title elementor-size-default\">Mercati<\/h1>\t\t\t\t<\/div>\n\t\t\t\t<\/div>\n\t\t<div class=\"elementor-element elementor-element-7ab2a2e e-con-full e-flex e-con e-child\" data-id=\"7ab2a2e\" data-element_type=\"container\" data-e-type=\"container\">\n\t\t\t\t<div class=\"elementor-element elementor-element-79da72a elementor-widget elementor-widget-heading\" data-id=\"79da72a\" data-element_type=\"widget\" data-e-type=\"widget\" data-widget_type=\"heading.default\">\n\t\t\t\t<div class=\"elementor-widget-container\">\n\t\t\t\t\t<h2 class=\"elementor-heading-title elementor-size-default\">Giugno - Settembre<\/h2>\t\t\t\t<\/div>\n\t\t\t\t<\/div>\n\t\t<div class=\"elementor-element elementor-element-54df2cb e-con-full e-grid e-con e-child\" data-id=\"54df2cb\" data-element_type=\"container\" data-e-type=\"container\" id=\"giugno-settembre\">\n\t\t<div class=\"elementor-element elementor-element-265d82d e-con-full blocco-giorno e-flex e-con e-child\" data-id=\"265d82d\" data-element_type=\"container\" data-e-type=\"container\">\n\t\t\t\t<div class=\"elementor-element elementor-element-27c3fdd mgs elementor-widget elementor-widget-heading\" data-id=\"27c3fdd\" data-element_type=\"widget\" data-e-type=\"widget\" data-widget_type=\"heading.default\">\n\t\t\t\t<div class=\"elementor-widget-container\">\n\t\t\t\t\t<h5 class=\"elementor-heading-title elementor-size-default\">Luned\u00ec<\/h5>\t\t\t\t<\/div>\n\t\t\t\t<\/div>\n\t\t\t\t<div class=\"elementor-element elementor-element-1407890 elementor-widget elementor-widget-text-editor\" data-id=\"1407890\" data-element_type=\"widget\" data-e-type=\"widget\" data-widget_type=\"text-editor.default\">\n\t\t\t\t<div class=\"elementor-widget-container\">\n\t\t\t\t\t\t\t\t\t<ul>\n \t<li>Andalo\/Molveno<\/li>\n \t<li>Fiera di Primiero<\/li>\n<\/ul>\t\t\t\t\t\t\t\t<\/div>\n\t\t\t\t<\/div>\n\t\t\t\t<\/div>\n\t\t<div class=\"elementor-element elementor-element-2218483 e-con-full blocco-giorno e-flex e-con e-child\" data-id=\"2218483\" data-element_type=\"container\" data-e-type=\"container\">\n\t\t\t\t<div class=\"elementor-element elementor-element-df4fd7b mgs elementor-widget elementor-widget-heading\" data-id=\"df4fd7b\" data-element_type=\"widget\" data-e-type=\"widget\" data-widget_type=\"heading.default\">\n\t\t\t\t<div class=\"elementor-widget-container\">\n\t\t\t\t\t<h5 class=\"elementor-heading-title elementor-size-default\">Marted\u00ec<\/h5>\t\t\t\t<\/div>\n\t\t\t\t<\/div>\n\t\t\t\t<div class=\"elementor-element elementor-element-1e8185c elementor-widget elementor-widget-text-editor\" data-id=\"1e8185c\" data-element_type=\"widget\" data-e-type=\"widget\" data-widget_type=\"text-editor.default\">\n\t\t\t\t<div class=\"elementor-widget-container\">\n\t\t\t\t\t\t\t\t\t<ul><li>Cogolo* \/ Pejo**<\/li><li>Folgaria<\/li><li>Cortina<\/li><\/ul>\t\t\t\t\t\t\t\t<\/div>\n\t\t\t\t<\/div>\n\t\t\t\t<\/div>\n\t\t<div class=\"elementor-element elementor-element-f3b4aaa e-con-full blocco-giorno e-flex e-con e-child\" data-id=\"f3b4aaa\" data-element_type=\"container\" data-e-type=\"container\">\n\t\t\t\t<div class=\"elementor-element elementor-element-f1d9887 mgs elementor-widget elementor-widget-heading\" data-id=\"f1d9887\" data-element_type=\"widget\" data-e-type=\"widget\" data-widget_type=\"heading.default\">\n\t\t\t\t<div class=\"elementor-widget-container\">\n\t\t\t\t\t<h5 class=\"elementor-heading-title elementor-size-default\">Mercoled\u00ec<\/h5>\t\t\t\t<\/div>\n\t\t\t\t<\/div>\n\t\t\t\t<div class=\"elementor-element elementor-element-1df9103 elementor-widget elementor-widget-text-editor\" data-id=\"1df9103\" data-element_type=\"widget\" data-e-type=\"widget\" data-widget_type=\"text-editor.default\">\n\t\t\t\t<div class=\"elementor-widget-container\">\n\t\t\t\t\t\t\t\t\t<ul><li>Mal\u00e8 <br \/><small>(2^ e 4^ sett del mese)<\/small><\/li><li>Pinzolo<\/li><li>Tai di Cadore<\/li><\/ul>\t\t\t\t\t\t\t\t<\/div>\n\t\t\t\t<\/div>\n\t\t\t\t<\/div>\n\t\t<div class=\"elementor-element elementor-element-256f2b7 e-con-full blocco-giorno e-flex e-con e-child\" data-id=\"256f2b7\" data-element_type=\"container\" data-e-type=\"container\">\n\t\t\t\t<div class=\"elementor-element elementor-element-05c0df4 mgs elementor-widget elementor-widget-heading\" data-id=\"05c0df4\" data-element_type=\"widget\" data-e-type=\"widget\" data-widget_type=\"heading.default\">\n\t\t\t\t<div class=\"elementor-widget-container\">\n\t\t\t\t\t<h5 class=\"elementor-heading-title elementor-size-default\">Gioved\u00ec<\/h5>\t\t\t\t<\/div>\n\t\t\t\t<\/div>\n\t\t\t\t<div class=\"elementor-element elementor-element-4f57e0d elementor-widget elementor-widget-text-editor\" data-id=\"4f57e0d\" data-element_type=\"widget\" data-e-type=\"widget\" data-widget_type=\"text-editor.default\">\n\t\t\t\t<div class=\"elementor-widget-container\">\n\t\t\t\t\t\t\t\t\t<ul><li>Lavarone<\/li><li>Madonna di Campiglio<\/li><li>Auronzo di Cadore<\/li><\/ul>\t\t\t\t\t\t\t\t<\/div>\n\t\t\t\t<\/div>\n\t\t\t\t<\/div>\n\t\t<div class=\"elementor-element elementor-element-e6597e1 e-con-full blocco-giorno e-flex e-con e-child\" data-id=\"e6597e1\" data-element_type=\"container\" data-e-type=\"container\">\n\t\t\t\t<div class=\"elementor-element elementor-element-888cef9 mgs elementor-widget elementor-widget-heading\" data-id=\"888cef9\" data-element_type=\"widget\" data-e-type=\"widget\" data-widget_type=\"heading.default\">\n\t\t\t\t<div class=\"elementor-widget-container\">\n\t\t\t\t\t<h5 class=\"elementor-heading-title elementor-size-default\">Venerd\u00ec<\/h5>\t\t\t\t<\/div>\n\t\t\t\t<\/div>\n\t\t\t\t<div class=\"elementor-element elementor-element-f6c9d13 elementor-widget elementor-widget-text-editor\" data-id=\"f6c9d13\" data-element_type=\"widget\" data-e-type=\"widget\" data-widget_type=\"text-editor.default\">\n\t\t\t\t<div class=\"elementor-widget-container\">\n\t\t\t\t\t\t\t\t\t<ul><li>Carisolo<\/li><li>Cortina<\/li><\/ul>\t\t\t\t\t\t\t\t<\/div>\n\t\t\t\t<\/div>\n\t\t\t\t<\/div>\n\t\t<div class=\"elementor-element elementor-element-3b900ce e-con-full blocco-giorno e-flex e-con e-child\" data-id=\"3b900ce\" data-element_type=\"container\" data-e-type=\"container\">\n\t\t\t\t<div class=\"elementor-element elementor-element-4ed4c19 mgs elementor-widget elementor-widget-heading\" data-id=\"4ed4c19\" data-element_type=\"widget\" data-e-type=\"widget\" data-widget_type=\"heading.default\">\n\t\t\t\t<div class=\"elementor-widget-container\">\n\t\t\t\t\t<h5 class=\"elementor-heading-title elementor-size-default\">Sabato<\/h5>\t\t\t\t<\/div>\n\t\t\t\t<\/div>\n\t\t\t\t<div class=\"elementor-element elementor-element-a58829a elementor-widget elementor-widget-text-editor\" data-id=\"a58829a\" data-element_type=\"widget\" data-e-type=\"widget\" data-widget_type=\"text-editor.default\">\n\t\t\t\t<div class=\"elementor-widget-container\">\n\t\t\t\t\t\t\t\t\t<ul><li><span style=\"color: #222222; font-family: verdana, sans-serif; font-size: small;\">Asiago<\/span><\/li><li><span style=\"color: #222222; font-family: verdana, sans-serif; font-size: small;\">Canazei<\/span><\/li><\/ul>\t\t\t\t\t\t\t\t<\/div>\n\t\t\t\t<\/div>\n\t\t\t\t<\/div>\n\t\t\t\t<\/div>\n\t\t\t\t<div class=\"elementor-element elementor-element-2d3797e elementor-widget elementor-widget-text-editor\" data-id=\"2d3797e\" data-element_type=\"widget\" data-e-type=\"widget\" data-widget_type=\"text-editor.default\">\n\t\t\t\t<div class=\"elementor-widget-container\">\n\t\t\t\t\t\t\t\t\t<div class=\"gmail_default\">* Cogolo : 25 giugno \u2013 9 luglio \u2013 23 luglio \u2013 6 agosto \u2013 20 agosto \u2013 3 settembre<br \/>** Pejo Fonti : 2 luglio \u2013 16 luglio \u2013 30 luglio \u2013 13 agosto \u2013 27 agosto \u2013 10 settembre<\/div>\t\t\t\t\t\t\t\t<\/div>\n\t\t\t\t<\/div>\n\t\t\t\t<\/div>\n\t\t<div class=\"elementor-element elementor-element-75a4aeb e-con-full e-flex e-con e-child\" data-id=\"75a4aeb\" data-element_type=\"container\" data-e-type=\"container\">\n\t\t\t\t<div class=\"elementor-element elementor-element-eb0afcd elementor-widget elementor-widget-heading\" data-id=\"eb0afcd\" data-element_type=\"widget\" data-e-type=\"widget\" data-widget_type=\"heading.default\">\n\t\t\t\t<div class=\"elementor-widget-container\">\n\t\t\t\t\t<h2 class=\"elementor-heading-title elementor-size-default\">Settembre - Maggio<\/h2>\t\t\t\t<\/div>\n\t\t\t\t<\/div>\n\t\t<div class=\"elementor-element elementor-element-f5b730d e-con-full e-grid e-con e-child\" data-id=\"f5b730d\" data-element_type=\"container\" data-e-type=\"container\" id=\"settembre-maggio\">\n\t\t<div class=\"elementor-element elementor-element-5ef5128 e-con-full blocco-giorno e-flex e-con e-child\" data-id=\"5ef5128\" data-element_type=\"container\" data-e-type=\"container\">\n\t\t\t\t<div class=\"elementor-element elementor-element-69f3918 mgs elementor-widget elementor-widget-heading\" data-id=\"69f3918\" data-element_type=\"widget\" data-e-type=\"widget\" data-widget_type=\"heading.default\">\n\t\t\t\t<div class=\"elementor-widget-container\">\n\t\t\t\t\t<h5 class=\"elementor-heading-title elementor-size-default\">Luned\u00ec<\/h5>\t\t\t\t<\/div>\n\t\t\t\t<\/div>\n\t\t\t\t<div class=\"elementor-element elementor-element-39acba1 elementor-widget elementor-widget-text-editor\" data-id=\"39acba1\" data-element_type=\"widget\" data-e-type=\"widget\" data-widget_type=\"text-editor.default\">\n\t\t\t\t<div class=\"elementor-widget-container\">\n\t\t\t\t\t\t\t\t\t<ul><li>Thiene<\/li><\/ul>\t\t\t\t\t\t\t\t<\/div>\n\t\t\t\t<\/div>\n\t\t\t\t<\/div>\n\t\t<div class=\"elementor-element elementor-element-64a3be6 e-con-full blocco-giorno e-flex e-con e-child\" data-id=\"64a3be6\" data-element_type=\"container\" data-e-type=\"container\">\n\t\t\t\t<div class=\"elementor-element elementor-element-245538f mgs elementor-widget elementor-widget-heading\" data-id=\"245538f\" data-element_type=\"widget\" data-e-type=\"widget\" data-widget_type=\"heading.default\">\n\t\t\t\t<div class=\"elementor-widget-container\">\n\t\t\t\t\t<h5 class=\"elementor-heading-title elementor-size-default\">Marted\u00ec<\/h5>\t\t\t\t<\/div>\n\t\t\t\t<\/div>\n\t\t\t\t<div class=\"elementor-element elementor-element-7e74947 elementor-widget elementor-widget-text-editor\" data-id=\"7e74947\" data-element_type=\"widget\" data-e-type=\"widget\" data-widget_type=\"text-editor.default\">\n\t\t\t\t<div class=\"elementor-widget-container\">\n\t\t\t\t\t\t\t\t\t<ul><li>Cortina<\/li><li>Treviso<\/li><li>Feltre<\/li><\/ul>\t\t\t\t\t\t\t\t<\/div>\n\t\t\t\t<\/div>\n\t\t\t\t<\/div>\n\t\t<div class=\"elementor-element elementor-element-866653b e-con-full blocco-giorno e-flex e-con e-child\" data-id=\"866653b\" data-element_type=\"container\" data-e-type=\"container\">\n\t\t\t\t<div class=\"elementor-element elementor-element-caff6a6 mgs elementor-widget elementor-widget-heading\" data-id=\"caff6a6\" data-element_type=\"widget\" data-e-type=\"widget\" data-widget_type=\"heading.default\">\n\t\t\t\t<div class=\"elementor-widget-container\">\n\t\t\t\t\t<h5 class=\"elementor-heading-title elementor-size-default\">Mercoled\u00ec<\/h5>\t\t\t\t<\/div>\n\t\t\t\t<\/div>\n\t\t\t\t<div class=\"elementor-element elementor-element-8f8c198 elementor-widget elementor-widget-text-editor\" data-id=\"8f8c198\" data-element_type=\"widget\" data-e-type=\"widget\" data-widget_type=\"text-editor.default\">\n\t\t\t\t<div class=\"elementor-widget-container\">\n\t\t\t\t\t\t\t\t\t<ul><li>Montebelluna<\/li><\/ul>\t\t\t\t\t\t\t\t<\/div>\n\t\t\t\t<\/div>\n\t\t\t\t<\/div>\n\t\t<div class=\"elementor-element elementor-element-80635b8 e-con-full blocco-giorno e-flex e-con e-child\" data-id=\"80635b8\" data-element_type=\"container\" data-e-type=\"container\">\n\t\t\t\t<div class=\"elementor-element elementor-element-47fb149 mgs elementor-widget elementor-widget-heading\" data-id=\"47fb149\" data-element_type=\"widget\" data-e-type=\"widget\" data-widget_type=\"heading.default\">\n\t\t\t\t<div class=\"elementor-widget-container\">\n\t\t\t\t\t<h5 class=\"elementor-heading-title elementor-size-default\">Gioved\u00ec<\/h5>\t\t\t\t<\/div>\n\t\t\t\t<\/div>\n\t\t\t\t<div class=\"elementor-element elementor-element-cd69e41 elementor-widget elementor-widget-text-editor\" data-id=\"cd69e41\" data-element_type=\"widget\" data-e-type=\"widget\" data-widget_type=\"text-editor.default\">\n\t\t\t\t<div class=\"elementor-widget-container\">\n\t\t\t\t\t\t\t\t\t<ul><li>Vicenza<\/li><li>Padova<\/li><\/ul>\t\t\t\t\t\t\t\t<\/div>\n\t\t\t\t<\/div>\n\t\t\t\t<\/div>\n\t\t<div class=\"elementor-element elementor-element-01926f1 e-con-full blocco-giorno e-flex e-con e-child\" data-id=\"01926f1\" data-element_type=\"container\" data-e-type=\"container\">\n\t\t\t\t<div class=\"elementor-element elementor-element-51472d3 mgs elementor-widget elementor-widget-heading\" data-id=\"51472d3\" data-element_type=\"widget\" data-e-type=\"widget\" data-widget_type=\"heading.default\">\n\t\t\t\t<div class=\"elementor-widget-container\">\n\t\t\t\t\t<h5 class=\"elementor-heading-title elementor-size-default\">Venerd\u00ec<\/h5>\t\t\t\t<\/div>\n\t\t\t\t<\/div>\n\t\t\t\t<div class=\"elementor-element elementor-element-8f5781b elementor-widget elementor-widget-text-editor\" data-id=\"8f5781b\" data-element_type=\"widget\" data-e-type=\"widget\" data-widget_type=\"text-editor.default\">\n\t\t\t\t<div class=\"elementor-widget-container\">\n\t\t\t\t\t\t\t\t\t<ul><li>Cortina<\/li><li>Conegliano<\/li><li>Padova<\/li><\/ul>\t\t\t\t\t\t\t\t<\/div>\n\t\t\t\t<\/div>\n\t\t\t\t<\/div>\n\t\t<div class=\"elementor-element elementor-element-3fc0f3c e-con-full blocco-giorno e-flex e-con e-child\" data-id=\"3fc0f3c\" data-element_type=\"container\" data-e-type=\"container\">\n\t\t\t\t<div class=\"elementor-element elementor-element-48a721f mgs elementor-widget elementor-widget-heading\" data-id=\"48a721f\" data-element_type=\"widget\" data-e-type=\"widget\" data-widget_type=\"heading.default\">\n\t\t\t\t<div class=\"elementor-widget-container\">\n\t\t\t\t\t<h5 class=\"elementor-heading-title elementor-size-default\">Sabato<\/h5>\t\t\t\t<\/div>\n\t\t\t\t<\/div>\n\t\t\t\t<div class=\"elementor-element elementor-element-30a5d28 elementor-widget elementor-widget-text-editor\" data-id=\"30a5d28\" data-element_type=\"widget\" data-e-type=\"widget\" data-widget_type=\"text-editor.default\">\n\t\t\t\t<div class=\"elementor-widget-container\">\n\t\t\t\t\t\t\t\t\t<ul><li>Asiago<\/li><li>Treviso<\/li><li>Pieve di Soligo<\/li><\/ul>\t\t\t\t\t\t\t\t<\/div>\n\t\t\t\t<\/div>\n\t\t\t\t<\/div>\n\t\t\t\t<\/div>\n\t\t\t\t<\/div>\n\t\t\t\t\t<\/div>\n\t\t\t\t<\/div>\n\t\t<div class=\"elementor-element elementor-element-3f799db e-flex e-con-boxed e-con e-parent\" data-id=\"3f799db\" data-element_type=\"container\" data-e-type=\"container\">\n\t\t\t\t\t<div class=\"e-con-inner\">\n\t\t\t\t<div class=\"elementor-element elementor-element-295a18b elementor-widget elementor-widget-text-editor\" data-id=\"295a18b\" data-element_type=\"widget\" data-e-type=\"widget\" data-widget_type=\"text-editor.default\">\n\t\t\t\t<div class=\"elementor-widget-container\">\n\t\t\t\t\t\t\t\t\t<p>07\/12\/25: mercato straordinario di Conegliano (mattina)<\/p><p>26\/12\/25: mercato di Cortina d&#8217;Ampezzo, Padova (sospeso Conegliano<\/p><p>3\/03\/26 NON PRESENTI A FELTRE<\/p><p>08\/04\/26 ASSENTI A MONTEBELLUNA<\/p><p>DAL 8\/4 CESSATO A MONTEBELLUNA<\/p><p>DAL 31\/3 RIPRENDE A CORTINA D&#8217;AMPEZZO<\/p><p>DA APRILE 2026 CESSATO FELTRE<\/p><p>DA META&#8217; MAGGIO 2026 CESSANO CONEGLIANO, TREVISO E VICENZA<\/p>\t\t\t\t\t\t\t\t<\/div>\n\t\t\t\t<\/div>\n\t\t\t\t\t<\/div>\n\t\t\t\t<\/div>\n\t\t\t\t<\/div>\n\t\t","protected":false},"excerpt":{"rendered":"<p>Mercati Giugno &#8211; Settembre Luned\u00ec Andalo\/Molveno Fiera di Primiero Marted\u00ec Cogolo* \/ Pejo** Folgaria Cortina Mercoled\u00ec Mal\u00e8 (2^ e 4^ sett del mese) Pinzolo Tai di Cadore Gioved\u00ec Lavarone Madonna di Campiglio Auronzo di Cadore Venerd\u00ec Carisolo Cortina Sabato Asiago Canazei * Cogolo : 25 giugno \u2013 9 luglio \u2013 23 luglio \u2013 6 agosto [&hellip;]<\/p>\n","protected":false},"author":102,"featured_media":0,"parent":0,"menu_order":0,"comment_status":"closed","ping_status":"closed","template":"","meta":{"footnotes":""},"class_list":["post-39959","page","type-page","status-publish","hentry"],"_links":{"self":[{"href":"https:\/\/www.maglificioannamaria.it\/it\/wp-json\/wp\/v2\/pages\/39959","targetHints":{"allow":["GET"]}}],"collection":[{"href":"https:\/\/www.maglificioannamaria.it\/it\/wp-json\/wp\/v2\/pages"}],"about":[{"href":"https:\/\/www.maglificioannamaria.it\/it\/wp-json\/wp\/v2\/types\/page"}],"author":[{"embeddable":true,"href":"https:\/\/www.maglificioannamaria.it\/it\/wp-json\/wp\/v2\/users\/102"}],"replies":[{"embeddable":true,"href":"https:\/\/www.maglificioannamaria.it\/it\/wp-json\/wp\/v2\/comments?post=39959"}],"version-history":[{"count":24,"href":"https:\/\/www.maglificioannamaria.it\/it\/wp-json\/wp\/v2\/pages\/39959\/revisions"}],"predecessor-version":[{"id":75218,"href":"https:\/\/www.maglificioannamaria.it\/it\/wp-json\/wp\/v2\/pages\/39959\/revisions\/75218"}],"wp:attachment":[{"href":"https:\/\/www.maglificioannamaria.it\/it\/wp-json\/wp\/v2\/media?parent=39959"}],"curies":[{"name":"wp","href":"https:\/\/api.w.org\/{rel}","templated":true}]}}