{"id":12132,"date":"2020-07-15T09:10:53","date_gmt":"2020-07-15T07:10:53","guid":{"rendered":"http:\/\/maglificioannamaria.it\/?post_type=product&#038;p=12132"},"modified":"2026-02-25T11:12:20","modified_gmt":"2026-02-25T10:12:20","slug":"girocollo-baby-cashmere","status":"publish","type":"product","link":"https:\/\/www.maglificioannamaria.it\/it\/prodotto\/girocollo-baby-cashmere\/","title":{"rendered":"Girocollo da uomo in Puro Cashmere &#8211; qualit\u00e0 superiore"},"content":{"rendered":"<p><strong>Altezza del modello:<\/strong>\u00a0<span class=\"h-text h-color-black body\">La persona nella foto \u00e8 alta 184 cm e veste una taglia M<\/span><br \/>\n<strong>Vestibilit\u00e0:<\/strong>\u00a0<span class=\"h-text h-color-black body\">Regolare<\/span><br \/>\n<strong>Lunghezza:<\/strong>\u00a0<span class=\"h-text h-color-black body\">Regolare<br \/>\n<strong>Lunghezza manica:<\/strong>\u00a0Regolare<\/span><\/p>\n<table class=\"minimalistBlack\">\n<thead>\n<tr>\n<th><strong>TABELLA MISURE<\/strong><\/th>\n<th>S<\/th>\n<th>M<\/th>\n<th>L<\/th>\n<th>XL<\/th>\n<th>2XL<\/th>\n<th>3XL<\/th>\n<\/tr>\n<\/thead>\n<tbody>\n<tr>\n<td>Lunghezza:<\/td>\n<td><\/td>\n<td>66<\/td>\n<td>68<\/td>\n<td>70<\/td>\n<td>72<\/td>\n<td><\/td>\n<\/tr>\n<tr>\n<td>Larghezza petto:<\/td>\n<td><\/td>\n<td>52<\/td>\n<td>54<\/td>\n<td>56<\/td>\n<td>58<\/td>\n<td><\/td>\n<\/tr>\n<tr>\n<td>Larghezza spalla:<\/td>\n<td><\/td>\n<td>40<\/td>\n<td>42<\/td>\n<td>44<\/td>\n<td>46<\/td>\n<td><\/td>\n<\/tr>\n<tr>\n<td>Lunghezza manica:<\/td>\n<td><\/td>\n<td>63<\/td>\n<td>64<\/td>\n<td>65<\/td>\n<td>66<\/td>\n<td><\/td>\n<\/tr>\n<\/tbody>\n<\/table>\n<div class=\"msg-prodotto-ex-wpbakery\">\n<p>Semplici indicazioni di lavaggio per mantenere sempre perfetti e fare durare nel tempo i nostri capi in pura lana e cashmere:<\/p>\n<p>lavali a mano in acqua tiepida con 2 tappi (della bottiglia) di ammoniaca profumata (nient\u2019altro)<\/p>\n<\/div>\n","protected":false},"excerpt":{"rendered":"<p><span data-sheets-value=\"{&quot;1&quot;:2,&quot;2&quot;:&quot;maglia con collo a giro bicolore&quot;}\" data-sheets-userformat=\"{&quot;2&quot;:12993,&quot;3&quot;:[null,0],&quot;9&quot;:1,&quot;10&quot;:1,&quot;12&quot;:0,&quot;15&quot;:&quot;Roboto&quot;,&quot;16&quot;:10}\">Girocollo in baby cashmere, l&#8217;eccellenza nel cashmere per qualit\u00e0 e morbidezza della fibra, disponibile in quantit\u00e0 limitate e perci\u00f2 pregiata.<\/span><\/p>\n<p><strong>Composizione delle fibre<\/strong>: 100% cashmere<\/p>\n","protected":false},"featured_media":66143,"template":"","meta":[],"product_brand":[],"product_cat":[930,319],"product_tag":[525,527,272,519,526],"class_list":{"0":"post-12132","1":"product","2":"type-product","3":"status-publish","4":"has-post-thumbnail","6":"product_cat-maglie-cashmere-uomo","7":"product_cat-maglie-chiuse-uomo","8":"product_tag-babycashmere","9":"product_tag-cashmere-pregiato","10":"product_tag-girocollo","11":"product_tag-puro-cashmere","12":"product_tag-qualita-superior","14":"first","15":"instock","16":"purchasable","17":"product-type-variable","18":"has-default-attributes"},"_links":{"self":[{"href":"https:\/\/www.maglificioannamaria.it\/it\/wp-json\/wp\/v2\/product\/12132","targetHints":{"allow":["GET"]}}],"collection":[{"href":"https:\/\/www.maglificioannamaria.it\/it\/wp-json\/wp\/v2\/product"}],"about":[{"href":"https:\/\/www.maglificioannamaria.it\/it\/wp-json\/wp\/v2\/types\/product"}],"wp:featuredmedia":[{"embeddable":true,"href":"https:\/\/www.maglificioannamaria.it\/it\/wp-json\/wp\/v2\/media\/66143"}],"wp:attachment":[{"href":"https:\/\/www.maglificioannamaria.it\/it\/wp-json\/wp\/v2\/media?parent=12132"}],"wp:term":[{"taxonomy":"product_brand","embeddable":true,"href":"https:\/\/www.maglificioannamaria.it\/it\/wp-json\/wp\/v2\/product_brand?post=12132"},{"taxonomy":"product_cat","embeddable":true,"href":"https:\/\/www.maglificioannamaria.it\/it\/wp-json\/wp\/v2\/product_cat?post=12132"},{"taxonomy":"product_tag","embeddable":true,"href":"https:\/\/www.maglificioannamaria.it\/it\/wp-json\/wp\/v2\/product_tag?post=12132"}],"curies":[{"name":"wp","href":"https:\/\/api.w.org\/{rel}","templated":true}]}}