{"id":32744,"date":"2023-08-01T11:56:40","date_gmt":"2023-08-01T09:56:40","guid":{"rendered":"https:\/\/www.maglificioannamaria.it\/?post_type=product&#038;p=32744"},"modified":"2026-04-17T13:22:58","modified_gmt":"2026-04-17T11:22:58","slug":"ampia-mantella-da-donna-in-lana-a-righe-mantella-manuela","status":"publish","type":"product","link":"https:\/\/www.maglificioannamaria.it\/it\/prodotto\/ampia-mantella-da-donna-in-lana-a-righe-mantella-manuela\/","title":{"rendered":"Ampia mantella da donna in lana a righe &#8211; Mantella Manuela"},"content":{"rendered":"","protected":false},"excerpt":{"rendered":"<p><span data-sheets-value=\"{&quot;1&quot;:2,&quot;2&quot;:&quot;Abito svasato con tasca&quot;}\" data-sheets-userformat=\"{&quot;2&quot;:8403905,&quot;3&quot;:[null,0],&quot;9&quot;:1,&quot;10&quot;:2,&quot;11&quot;:0,&quot;12&quot;:0,&quot;14&quot;:[null,2,0],&quot;15&quot;:&quot;Roboto&quot;,&quot;16&quot;:11,&quot;26&quot;:400}\">Elegante mantella in lana da donna, calda e comoda, tessuta in punto stoffa per una maggiore resistenza e durabilit\u00e0. Le ampie righe in contrasto donano un tocco di vivacit\u00e0. Ideale da indossare nelle mezze stagioni a sostituire la giacca, ma anche sopra un cappotto nella stagione pi\u00f9 fredda.<\/span><\/p>\n<p><strong>Composizione<\/strong>: <span data-sheets-value=\"{&quot;1&quot;:2,&quot;2&quot;:&quot;80% lana, 20% poliammide&quot;}\" data-sheets-userformat=\"{&quot;2&quot;:8403905,&quot;3&quot;:{&quot;1&quot;:0},&quot;9&quot;:1,&quot;10&quot;:2,&quot;11&quot;:0,&quot;12&quot;:0,&quot;14&quot;:[null,2,0],&quot;15&quot;:&quot;Roboto&quot;,&quot;16&quot;:11,&quot;26&quot;:400}\">80% lana, 20% poliammide<\/span><\/p>\n","protected":false},"featured_media":61876,"template":"","meta":[],"product_brand":[],"product_cat":[64],"product_tag":[847,362,845,846],"class_list":{"0":"post-32744","1":"product","2":"type-product","3":"status-publish","4":"has-post-thumbnail","6":"product_cat-stole-mantelle","7":"product_tag-coprispalle-donna-lana","8":"product_tag-mantella","9":"product_tag-mantella-lana","10":"product_tag-stola-lana","12":"first","13":"instock","14":"featured","15":"purchasable","16":"product-type-variable"},"_links":{"self":[{"href":"https:\/\/www.maglificioannamaria.it\/it\/wp-json\/wp\/v2\/product\/32744","targetHints":{"allow":["GET"]}}],"collection":[{"href":"https:\/\/www.maglificioannamaria.it\/it\/wp-json\/wp\/v2\/product"}],"about":[{"href":"https:\/\/www.maglificioannamaria.it\/it\/wp-json\/wp\/v2\/types\/product"}],"wp:featuredmedia":[{"embeddable":true,"href":"https:\/\/www.maglificioannamaria.it\/it\/wp-json\/wp\/v2\/media\/61876"}],"wp:attachment":[{"href":"https:\/\/www.maglificioannamaria.it\/it\/wp-json\/wp\/v2\/media?parent=32744"}],"wp:term":[{"taxonomy":"product_brand","embeddable":true,"href":"https:\/\/www.maglificioannamaria.it\/it\/wp-json\/wp\/v2\/product_brand?post=32744"},{"taxonomy":"product_cat","embeddable":true,"href":"https:\/\/www.maglificioannamaria.it\/it\/wp-json\/wp\/v2\/product_cat?post=32744"},{"taxonomy":"product_tag","embeddable":true,"href":"https:\/\/www.maglificioannamaria.it\/it\/wp-json\/wp\/v2\/product_tag?post=32744"}],"curies":[{"name":"wp","href":"https:\/\/api.w.org\/{rel}","templated":true}]}}