{"id":39617,"date":"2024-04-08T10:29:12","date_gmt":"2024-04-08T08:29:12","guid":{"rendered":"https:\/\/www.maglificioannamaria.it\/?post_type=product&#038;p=39617"},"modified":"2026-03-25T21:25:03","modified_gmt":"2026-03-25T20:25:03","slug":"maglia-in-lana-da-donna-con-collo-a-ciambella-lavorata-in-vanise-ciambella-rombi-vanise-2","status":"publish","type":"product","link":"https:\/\/www.maglificioannamaria.it\/it\/prodotto\/maglia-in-lana-da-donna-con-collo-a-ciambella-lavorata-in-vanise-ciambella-rombi-vanise-2\/","title":{"rendered":"Maglia in lana da donna con collo a ciambella lavorata in vanis\u00e8 &#8211; Ciambella Rombi Vanis\u00e9"},"content":{"rendered":"<p><strong>Vestibilit\u00e0: <\/strong>regolare<br \/>\n<strong>Lunghezza:<\/strong> regolare<span class=\"h-text h-color-black body\"><br \/>\n<strong>Lunghezza manica:<\/strong> regolare<br \/>\n<\/span><\/p>\n<table class=\"minimalistBlack\">\n<thead>\n<tr>\n<th><strong>TABELLA MISURE<\/strong><\/th>\n<th><\/th>\n<th>S<\/th>\n<th>M<\/th>\n<th>L<\/th>\n<th>XL<\/th>\n<th><\/th>\n<th><\/th>\n<\/tr>\n<\/thead>\n<tbody>\n<tr>\n<td>Lunghezza:<\/td>\n<td><\/td>\n<td>64<\/td>\n<td>66<\/td>\n<td>68<\/td>\n<td>70<\/td>\n<td><\/td>\n<td><\/td>\n<\/tr>\n<tr>\n<td>Larghezza petto:<\/td>\n<td><\/td>\n<td>47<\/td>\n<td>49<\/td>\n<td>51<\/td>\n<td>53<\/td>\n<td><\/td>\n<td><\/td>\n<\/tr>\n<tr>\n<td>Larghezza spalla:<\/td>\n<td><\/td>\n<td>49<\/td>\n<td>51<\/td>\n<td>53<\/td>\n<td>55<\/td>\n<td><\/td>\n<td><\/td>\n<\/tr>\n<tr>\n<td>Lunghezza manica:<\/td>\n<td><\/td>\n<td>49<\/td>\n<td>50<\/td>\n<td>51<\/td>\n<td>52<\/td>\n<td><\/td>\n<td><\/td>\n<\/tr>\n<\/tbody>\n<\/table>\n<p><img decoding=\"async\" src=\"https:\/\/www.maglificioannamaria.it\/wp-content\/uploads\/2022\/08\/misure-spalla-scesa.jpg\" \/><\/p>\n<p>&nbsp;<\/p>\n","protected":false},"excerpt":{"rendered":"<p style=\"text-align: left;\"><span data-sheets-value=\"{&quot;1&quot;:2,&quot;2&quot;:&quot;girocollo con lavorazione jaquard tipica invernale&quot;}\" data-sheets-userformat=\"{&quot;2&quot;:8403905,&quot;3&quot;:[null,0],&quot;9&quot;:1,&quot;10&quot;:2,&quot;11&quot;:0,&quot;12&quot;:0,&quot;14&quot;:[null,2,0],&quot;15&quot;:&quot;Roboto&quot;,&quot;16&quot;:9,&quot;26&quot;:400}\">Dolcevita in lana da donna con morbido collo a ciambella, la lavorazione in vanis\u00e8, ottenuta intrecciando due fili, crea un effetto ottico davvero particolare e raffinato.<\/span><\/p>\n<p><strong>Composizione<\/strong>: 80<span data-sheets-value=\"{&quot;1&quot;:2,&quot;2&quot;:&quot;40% lana merinos, 25% viscosa, 20% cashmere, 15% poliammide&quot;}\" data-sheets-userformat=\"{&quot;2&quot;:8403905,&quot;3&quot;:[null,0],&quot;9&quot;:1,&quot;10&quot;:2,&quot;11&quot;:0,&quot;12&quot;:0,&quot;14&quot;:[null,2,0],&quot;15&quot;:&quot;Roboto&quot;,&quot;16&quot;:9,&quot;26&quot;:400}\">% lana, 20% poliammide<\/span><\/p>\n","protected":false},"featured_media":38499,"template":"","meta":[],"product_brand":[],"product_cat":[45,261],"product_tag":[1075,277,302,1073,1074],"class_list":{"0":"post-39617","1":"product","2":"type-product","3":"status-publish","4":"has-post-thumbnail","6":"product_cat-donna","7":"product_cat-maglie-chiuse-donna","8":"product_tag-ciambella-lana-donna","9":"product_tag-collo-alto","10":"product_tag-dolcevita","11":"product_tag-lavorazione-vanise","12":"product_tag-maglia-lavorata","14":"first","15":"instock","16":"sale","17":"featured","18":"purchasable","19":"product-type-variable"},"_links":{"self":[{"href":"https:\/\/www.maglificioannamaria.it\/it\/wp-json\/wp\/v2\/product\/39617","targetHints":{"allow":["GET"]}}],"collection":[{"href":"https:\/\/www.maglificioannamaria.it\/it\/wp-json\/wp\/v2\/product"}],"about":[{"href":"https:\/\/www.maglificioannamaria.it\/it\/wp-json\/wp\/v2\/types\/product"}],"wp:featuredmedia":[{"embeddable":true,"href":"https:\/\/www.maglificioannamaria.it\/it\/wp-json\/wp\/v2\/media\/38499"}],"wp:attachment":[{"href":"https:\/\/www.maglificioannamaria.it\/it\/wp-json\/wp\/v2\/media?parent=39617"}],"wp:term":[{"taxonomy":"product_brand","embeddable":true,"href":"https:\/\/www.maglificioannamaria.it\/it\/wp-json\/wp\/v2\/product_brand?post=39617"},{"taxonomy":"product_cat","embeddable":true,"href":"https:\/\/www.maglificioannamaria.it\/it\/wp-json\/wp\/v2\/product_cat?post=39617"},{"taxonomy":"product_tag","embeddable":true,"href":"https:\/\/www.maglificioannamaria.it\/it\/wp-json\/wp\/v2\/product_tag?post=39617"}],"curies":[{"name":"wp","href":"https:\/\/api.w.org\/{rel}","templated":true}]}}