{"id":48443,"date":"2024-08-13T14:11:44","date_gmt":"2024-08-13T12:11:44","guid":{"rendered":"https:\/\/www.maglificioannamaria.it\/?post_type=product&#038;p=48443"},"modified":"2026-03-20T10:30:52","modified_gmt":"2026-03-20T09:30:52","slug":"dolcevita-in-lana-cashmere-da-donna-dolcevita-lana-cashmere-donna","status":"publish","type":"product","link":"https:\/\/www.maglificioannamaria.it\/it\/prodotto\/dolcevita-in-lana-cashmere-da-donna-dolcevita-lana-cashmere-donna\/","title":{"rendered":"Dolcevita in lana,  cashmere da donna &#8211; Dolcevita Lana  Cashmere Donna"},"content":{"rendered":"<p><strong>Vestibilit\u00e0: <\/strong>regolare<br \/>\n<strong>Lunghezza:<\/strong> regolare<span class=\"h-text h-color-black body\"><br \/>\n<strong>Lunghezza manica:<\/strong> regolare<br \/>\n<\/span><\/p>\n<table class=\"minimalistBlack\">\n<thead>\n<tr>\n<th><strong>TABELLA MISURE<\/strong><\/th>\n<th>XS<\/th>\n<th>S<\/th>\n<th>M<\/th>\n<th>L<\/th>\n<th>XL<\/th>\n<th>2XL<\/th>\n<th>3XL<\/th>\n<\/tr>\n<\/thead>\n<tbody>\n<tr>\n<td>Lunghezza:<\/td>\n<td>\u00a0&#8212;<\/td>\n<td>60<\/td>\n<td>62<\/td>\n<td>64<\/td>\n<td>66<\/td>\n<td>\u00a068<\/td>\n<td>\u00a0 &#8212;<\/td>\n<\/tr>\n<tr>\n<td>Larghezza petto:<\/td>\n<td>\u00a0&#8212;<\/td>\n<td>44<\/td>\n<td>46<\/td>\n<td>48<\/td>\n<td>50<\/td>\n<td>54<\/td>\n<td>\u00a0 &#8212;<\/td>\n<\/tr>\n<tr>\n<td>Larghezza spalla:<\/td>\n<td>\u00a0&#8212;<\/td>\n<td>33<\/td>\n<td>35<\/td>\n<td>37<\/td>\n<td>39<\/td>\n<td>41<\/td>\n<td>\u00a0 &#8212;<\/td>\n<\/tr>\n<tr>\n<td>Lunghezza manica:<\/td>\n<td>\u00a0&#8212;<\/td>\n<td>58<\/td>\n<td>59<\/td>\n<td>60<\/td>\n<td>61<\/td>\n<td>61<\/td>\n<td>\u00a0 &#8212;<\/td>\n<\/tr>\n<\/tbody>\n<\/table>\n<div class=\"msg-prodotto-ex-wpbakery\">\n<p>&nbsp;<\/p>\n<\/div>\n","protected":false},"excerpt":{"rendered":"<p>Abbiamo selezionato le migliori fibre di lana e cashmere per questo dolcevita che ti stupir\u00e0 per la sua morbidezza e la sua vestibilit\u00e0, lo trovi in tre calde tonalit\u00e0.<\/p>\n<p><strong>Composizione<\/strong>: 70<span data-sheets-value=\"{&quot;1&quot;:2,&quot;2&quot;:&quot;40% lana merinos, 25% viscosa, 20% cashmere, 15% poliammide&quot;}\" data-sheets-userformat=\"{&quot;2&quot;:8403905,&quot;3&quot;:[null,0],&quot;9&quot;:1,&quot;10&quot;:2,&quot;11&quot;:0,&quot;12&quot;:0,&quot;14&quot;:[null,2,0],&quot;15&quot;:&quot;Roboto&quot;,&quot;16&quot;:9,&quot;26&quot;:400}\">% lana, 30% cashmere<\/span><\/p>\n<p>&nbsp;<\/p>\n","protected":false},"featured_media":47591,"template":"","meta":[],"product_brand":[],"product_cat":[45,261],"product_tag":[260,487,302,1045,1027,877],"class_list":{"0":"post-48443","1":"product","2":"type-product","3":"status-publish","4":"has-post-thumbnail","6":"product_cat-donna","7":"product_cat-maglie-chiuse-donna","8":"product_tag-cashmere","9":"product_tag-comfort","10":"product_tag-dolcevita","11":"product_tag-elegante","12":"product_tag-lanacashmere","13":"product_tag-sottogiacca-donna","15":"first","16":"instock","17":"purchasable","18":"product-type-variable","19":"has-default-attributes"},"_links":{"self":[{"href":"https:\/\/www.maglificioannamaria.it\/it\/wp-json\/wp\/v2\/product\/48443","targetHints":{"allow":["GET"]}}],"collection":[{"href":"https:\/\/www.maglificioannamaria.it\/it\/wp-json\/wp\/v2\/product"}],"about":[{"href":"https:\/\/www.maglificioannamaria.it\/it\/wp-json\/wp\/v2\/types\/product"}],"wp:featuredmedia":[{"embeddable":true,"href":"https:\/\/www.maglificioannamaria.it\/it\/wp-json\/wp\/v2\/media\/47591"}],"wp:attachment":[{"href":"https:\/\/www.maglificioannamaria.it\/it\/wp-json\/wp\/v2\/media?parent=48443"}],"wp:term":[{"taxonomy":"product_brand","embeddable":true,"href":"https:\/\/www.maglificioannamaria.it\/it\/wp-json\/wp\/v2\/product_brand?post=48443"},{"taxonomy":"product_cat","embeddable":true,"href":"https:\/\/www.maglificioannamaria.it\/it\/wp-json\/wp\/v2\/product_cat?post=48443"},{"taxonomy":"product_tag","embeddable":true,"href":"https:\/\/www.maglificioannamaria.it\/it\/wp-json\/wp\/v2\/product_tag?post=48443"}],"curies":[{"name":"wp","href":"https:\/\/api.w.org\/{rel}","templated":true}]}}