{"id":56367,"date":"2024-11-20T12:25:18","date_gmt":"2024-11-20T11:25:18","guid":{"rendered":"https:\/\/www.maglificioannamaria.it\/?post_type=product&#038;p=56367"},"modified":"2026-02-27T09:25:19","modified_gmt":"2026-02-27T08:25:19","slug":"dolcevita-in-lana-e-cashmere-da-donna-dolcevita-coste-donna-70-30","status":"publish","type":"product","link":"https:\/\/www.maglificioannamaria.it\/it\/prodotto\/dolcevita-in-lana-e-cashmere-da-donna-dolcevita-coste-donna-70-30\/","title":{"rendered":"Dolcevita in lana e cashmere da donna &#8211; Dolcevita Coste Donna 70\/30"},"content":{"rendered":"<p><strong>Vestibilit\u00e0: <\/strong>regolare<br \/>\n<strong>Lunghezza:<\/strong> regolare<span class=\"h-text h-color-black body\"><br \/>\n<strong>Lunghezza manica:<\/strong> regolare<br \/>\n<\/span><\/p>\n<table class=\"minimalistBlack\" style=\"width: 37.8654%;\">\n<thead>\n<tr>\n<th style=\"width: 43.0894%;\"><strong>TABELLA MISURE<\/strong><\/th>\n<th style=\"width: 7.31707%;\"><\/th>\n<th style=\"width: 5.69106%;\">S<\/th>\n<th style=\"width: 5.96206%;\">M<\/th>\n<th style=\"width: 5.96206%;\">L<\/th>\n<th style=\"width: 7.58808%;\">XL<\/th>\n<th style=\"width: 10.2981%;\">2XL<\/th>\n<th style=\"width: 10.2981%;\"><\/th>\n<\/tr>\n<\/thead>\n<tbody>\n<tr>\n<td style=\"width: 43.0894%;\">Lunghezza:<\/td>\n<td style=\"width: 7.31707%;\"><\/td>\n<td style=\"width: 5.69106%;\">56<\/td>\n<td style=\"width: 5.96206%;\">58<\/td>\n<td style=\"width: 5.96206%;\">60<\/td>\n<td style=\"width: 7.58808%;\">62<\/td>\n<td style=\"width: 10.2981%;\">64<\/td>\n<td style=\"width: 10.2981%;\"><\/td>\n<\/tr>\n<tr>\n<td style=\"width: 43.0894%;\">Larghezza petto:<\/td>\n<td style=\"width: 7.31707%;\"><\/td>\n<td style=\"width: 5.69106%;\">44<\/td>\n<td style=\"width: 5.96206%;\">46<\/td>\n<td style=\"width: 5.96206%;\">48<\/td>\n<td style=\"width: 7.58808%;\">50<\/td>\n<td style=\"width: 10.2981%;\">54<\/td>\n<td style=\"width: 10.2981%;\"><\/td>\n<\/tr>\n<tr>\n<td style=\"width: 43.0894%;\">Larghezza spalla:<\/td>\n<td style=\"width: 7.31707%;\"><\/td>\n<td style=\"width: 5.69106%;\">33<\/td>\n<td style=\"width: 5.96206%;\">35<\/td>\n<td style=\"width: 5.96206%;\">37<\/td>\n<td style=\"width: 7.58808%;\">39<\/td>\n<td style=\"width: 10.2981%;\">41<\/td>\n<td style=\"width: 10.2981%;\"><\/td>\n<\/tr>\n<tr>\n<td style=\"width: 43.0894%;\">Lunghezza manica:<\/td>\n<td style=\"width: 7.31707%;\"><\/td>\n<td style=\"width: 5.69106%;\">58<\/td>\n<td style=\"width: 5.96206%;\">59<\/td>\n<td style=\"width: 5.96206%;\">60<\/td>\n<td style=\"width: 7.58808%;\">61<\/td>\n<td style=\"width: 10.2981%;\">61<\/td>\n<td style=\"width: 10.2981%;\"><\/td>\n<\/tr>\n<\/tbody>\n<\/table>\n<div class=\"msg-prodotto-ex-wpbakery\">\n<p>&nbsp;<\/p>\n<\/div>\n","protected":false},"excerpt":{"rendered":"<p>Abbiamo selezionato le migliori fibre di lana e cashmere per questo dolcevita a costine che ti stupir\u00e0 per la sua morbidezza e la sua vestibilit\u00e0, lo trovi in due vivaci tonalit\u00e0.<\/p>\n<p><strong>Composizione<\/strong>: 70<span data-sheets-value=\"{&quot;1&quot;:2,&quot;2&quot;:&quot;40% lana merinos, 25% viscosa, 20% cashmere, 15% poliammide&quot;}\" data-sheets-userformat=\"{&quot;2&quot;:8403905,&quot;3&quot;:[null,0],&quot;9&quot;:1,&quot;10&quot;:2,&quot;11&quot;:0,&quot;12&quot;:0,&quot;14&quot;:[null,2,0],&quot;15&quot;:&quot;Roboto&quot;,&quot;16&quot;:9,&quot;26&quot;:400}\">% lana, 30% cashmere<\/span><\/p>\n<p>&nbsp;<\/p>\n","protected":false},"featured_media":68489,"template":"","meta":[],"product_brand":[],"product_cat":[45,261],"product_tag":[487,302,1045,450,877],"class_list":{"0":"post-56367","1":"product","2":"type-product","3":"status-publish","4":"has-post-thumbnail","6":"product_cat-donna","7":"product_cat-maglie-chiuse-donna","8":"product_tag-comfort","9":"product_tag-dolcevita","10":"product_tag-elegante","11":"product_tag-nuovi-colori","12":"product_tag-sottogiacca-donna","14":"first","15":"instock","16":"sale","17":"purchasable","18":"product-type-variable","19":"has-default-attributes"},"_links":{"self":[{"href":"https:\/\/www.maglificioannamaria.it\/it\/wp-json\/wp\/v2\/product\/56367","targetHints":{"allow":["GET"]}}],"collection":[{"href":"https:\/\/www.maglificioannamaria.it\/it\/wp-json\/wp\/v2\/product"}],"about":[{"href":"https:\/\/www.maglificioannamaria.it\/it\/wp-json\/wp\/v2\/types\/product"}],"wp:featuredmedia":[{"embeddable":true,"href":"https:\/\/www.maglificioannamaria.it\/it\/wp-json\/wp\/v2\/media\/68489"}],"wp:attachment":[{"href":"https:\/\/www.maglificioannamaria.it\/it\/wp-json\/wp\/v2\/media?parent=56367"}],"wp:term":[{"taxonomy":"product_brand","embeddable":true,"href":"https:\/\/www.maglificioannamaria.it\/it\/wp-json\/wp\/v2\/product_brand?post=56367"},{"taxonomy":"product_cat","embeddable":true,"href":"https:\/\/www.maglificioannamaria.it\/it\/wp-json\/wp\/v2\/product_cat?post=56367"},{"taxonomy":"product_tag","embeddable":true,"href":"https:\/\/www.maglificioannamaria.it\/it\/wp-json\/wp\/v2\/product_tag?post=56367"}],"curies":[{"name":"wp","href":"https:\/\/api.w.org\/{rel}","templated":true}]}}