{"id":64500,"date":"2025-06-26T12:26:30","date_gmt":"2025-06-26T10:26:30","guid":{"rendered":"https:\/\/www.maglificioannamaria.it\/?post_type=product&#038;p=64500"},"modified":"2026-03-20T07:50:48","modified_gmt":"2026-03-20T06:50:48","slug":"dolcevita-in-lana-merinos-e-cashmere-da-donna-dolcevita-alaska","status":"publish","type":"product","link":"https:\/\/www.maglificioannamaria.it\/it\/prodotto\/dolcevita-in-lana-merinos-e-cashmere-da-donna-dolcevita-alaska\/","title":{"rendered":"Dolcevita in lana merinos e cashmere da donna &#8211; Dolcevita Alaska"},"content":{"rendered":"<p><strong>Vestibilit\u00e0: regolare<\/strong><\/p>\n<p><strong>Lunghezza: regolare<\/strong><span class=\"h-text h-color-black body\"><br \/>\n<strong>Lunghezza manica: regolare<\/strong><br \/>\n<\/span><\/p>\n<table class=\"minimalistBlack\" style=\"width: 22.9201%;\">\n<thead>\n<tr>\n<th style=\"width: 60.4563%;\"><strong>TABELLA MISURE<\/strong><\/th>\n<th style=\"width: 1.52091%;\"><\/th>\n<th style=\"width: 8.36502%;\">S<\/th>\n<th style=\"width: 9.88593%;\">M<\/th>\n<th style=\"width: 8.36502%;\">L<\/th>\n<th style=\"width: 3.80228%;\">XL<\/th>\n<th style=\"width: 1.52091%;\">XXL<\/th>\n<th style=\"width: 1.52091%;\"><\/th>\n<\/tr>\n<\/thead>\n<tbody>\n<tr>\n<td style=\"width: 60.4563%;\">Lunghezza:<\/td>\n<td style=\"width: 1.52091%;\"><\/td>\n<td style=\"width: 8.36502%;\">60<\/td>\n<td style=\"width: 9.88593%;\">62<\/td>\n<td style=\"width: 8.36502%;\">64<\/td>\n<td style=\"width: 3.80228%;\">66<\/td>\n<td style=\"width: 1.52091%;\">68<\/td>\n<td style=\"width: 1.52091%;\"><\/td>\n<\/tr>\n<tr>\n<td style=\"width: 60.4563%;\">Larghezza petto:<\/td>\n<td style=\"width: 1.52091%;\"><\/td>\n<td style=\"width: 8.36502%;\">44<\/td>\n<td style=\"width: 9.88593%;\">46<\/td>\n<td style=\"width: 8.36502%;\">48<\/td>\n<td style=\"width: 3.80228%;\">50<\/td>\n<td style=\"width: 1.52091%;\">54<\/td>\n<td style=\"width: 1.52091%;\"><\/td>\n<\/tr>\n<tr>\n<td style=\"width: 60.4563%;\">Larghezza spalla:<\/td>\n<td style=\"width: 1.52091%;\"><\/td>\n<td style=\"width: 8.36502%;\">33<\/td>\n<td style=\"width: 9.88593%;\">35<\/td>\n<td style=\"width: 8.36502%;\">37<\/td>\n<td style=\"width: 3.80228%;\">39<\/td>\n<td style=\"width: 1.52091%;\">41<\/td>\n<td style=\"width: 1.52091%;\"><\/td>\n<\/tr>\n<tr>\n<td style=\"width: 60.4563%;\">Lunghezza manica:<\/td>\n<td style=\"width: 1.52091%;\"><\/td>\n<td style=\"width: 8.36502%;\">58<\/td>\n<td style=\"width: 9.88593%;\">59<\/td>\n<td style=\"width: 8.36502%;\">60<\/td>\n<td style=\"width: 3.80228%;\">61<\/td>\n<td style=\"width: 1.52091%;\">61<\/td>\n<td style=\"width: 1.52091%;\"><\/td>\n<\/tr>\n<\/tbody>\n<\/table>\n<p><img decoding=\"async\" src=\"https:\/\/www.maglificioannamaria.it\/wp-content\/uploads\/2023\/04\/esempio-tabella-taglie-2-modello-standard.jpg\" \/><\/p>\n<p>&nbsp;<\/p>\n<div class=\"msg-prodotto-ex-wpbakery\">\n<p>&nbsp;<\/p>\n<\/div>\n","protected":false},"excerpt":{"rendered":"<p>Abbiamo selezionato le migliori fibre di lana merinos, traspirante e termoregolante e cashmere, caldo e leggero, per questo dolcevita che ti stupir\u00e0 per la sua morbidezza e la sua vestibilit\u00e0, lo trovi in calde tonalit\u00e0.<\/p>\n<p>Perfetto da solo ma anche come sottogiacca.<\/p>\n<p><strong>Composizione<\/strong>: 45 <span data-sheets-value=\"{&quot;1&quot;:2,&quot;2&quot;:&quot;40% lana merinos, 25% viscosa, 20% cashmere, 15% poliammide&quot;}\" data-sheets-userformat=\"{&quot;2&quot;:8403905,&quot;3&quot;:[null,0],&quot;9&quot;:1,&quot;10&quot;:2,&quot;11&quot;:0,&quot;12&quot;:0,&quot;14&quot;:[null,2,0],&quot;15&quot;:&quot;Roboto&quot;,&quot;16&quot;:9,&quot;26&quot;:400}\">% lana merinos, 20% cashmere, 20% poliammide, 15% viscosa<\/span><\/p>\n","protected":false},"featured_media":66423,"template":"","meta":[],"product_brand":[],"product_cat":[45,261],"product_tag":[1783,373],"class_list":{"0":"post-64500","1":"product","2":"type-product","3":"status-publish","4":"has-post-thumbnail","6":"product_cat-donna","7":"product_cat-maglie-chiuse-donna","8":"product_tag-dolcevita-donna-lana-e-cashmere","9":"product_tag-outlet","11":"first","12":"instock","13":"sale","14":"featured","15":"purchasable","16":"product-type-variable","17":"has-default-attributes"},"_links":{"self":[{"href":"https:\/\/www.maglificioannamaria.it\/it\/wp-json\/wp\/v2\/product\/64500","targetHints":{"allow":["GET"]}}],"collection":[{"href":"https:\/\/www.maglificioannamaria.it\/it\/wp-json\/wp\/v2\/product"}],"about":[{"href":"https:\/\/www.maglificioannamaria.it\/it\/wp-json\/wp\/v2\/types\/product"}],"wp:featuredmedia":[{"embeddable":true,"href":"https:\/\/www.maglificioannamaria.it\/it\/wp-json\/wp\/v2\/media\/66423"}],"wp:attachment":[{"href":"https:\/\/www.maglificioannamaria.it\/it\/wp-json\/wp\/v2\/media?parent=64500"}],"wp:term":[{"taxonomy":"product_brand","embeddable":true,"href":"https:\/\/www.maglificioannamaria.it\/it\/wp-json\/wp\/v2\/product_brand?post=64500"},{"taxonomy":"product_cat","embeddable":true,"href":"https:\/\/www.maglificioannamaria.it\/it\/wp-json\/wp\/v2\/product_cat?post=64500"},{"taxonomy":"product_tag","embeddable":true,"href":"https:\/\/www.maglificioannamaria.it\/it\/wp-json\/wp\/v2\/product_tag?post=64500"}],"curies":[{"name":"wp","href":"https:\/\/api.w.org\/{rel}","templated":true}]}}