{"id":71036,"date":"2025-11-12T11:03:33","date_gmt":"2025-11-12T10:03:33","guid":{"rendered":"https:\/\/www.maglificioannamaria.it\/?post_type=product&#038;p=71036"},"modified":"2026-03-24T15:51:17","modified_gmt":"2026-03-24T14:51:17","slug":"girocollo-da-donna-in-lana-a-trapezio-giro-alpha-trapezio","status":"publish","type":"product","link":"https:\/\/www.maglificioannamaria.it\/it\/prodotto\/girocollo-da-donna-in-lana-a-trapezio-giro-alpha-trapezio\/","title":{"rendered":"Girocollo da donna in lana a trapezio- Giro Alpha Trapezio"},"content":{"rendered":"<p><strong>Vestibilit\u00e0: regolare<\/strong><\/p>\n<p><strong>Lunghezza: regolare<\/strong><span class=\"h-text h-color-black body\"><br \/>\n<strong>Lunghezza manica: regolare<\/strong><br \/>\n<\/span><\/p>\n<table class=\"minimalistBlack\" style=\"width: 22.9201%; height: 234px;\">\n<thead>\n<tr style=\"height: 48px;\">\n<th style=\"width: 60.4563%; height: 48px;\"><strong>TABELLA MISURE<\/strong><\/th>\n<th style=\"width: 1.52091%; height: 48px;\"><\/th>\n<th style=\"width: 8.36502%; height: 48px;\">S<\/th>\n<th style=\"width: 9.88593%; height: 48px;\">M<\/th>\n<th style=\"width: 8.36502%; height: 48px;\">L<\/th>\n<th style=\"width: 3.80228%; height: 48px;\">XL<\/th>\n<th style=\"width: 1.52091%; height: 48px;\">XXL<\/th>\n<th style=\"width: 1.52091%; height: 48px;\"><\/th>\n<\/tr>\n<\/thead>\n<tbody>\n<tr style=\"height: 24px;\">\n<td style=\"width: 60.4563%; height: 24px;\">Lunghezza:<\/td>\n<td style=\"width: 1.52091%; height: 24px;\"><\/td>\n<td style=\"width: 8.36502%; height: 24px;\">60<\/td>\n<td style=\"width: 9.88593%; height: 24px;\">62<\/td>\n<td style=\"width: 8.36502%; height: 24px;\">64<\/td>\n<td style=\"width: 3.80228%; height: 24px;\">66<\/td>\n<td style=\"width: 1.52091%; height: 24px;\">68<\/td>\n<td style=\"width: 1.52091%; height: 24px;\"><\/td>\n<\/tr>\n<tr style=\"height: 48px;\">\n<td style=\"width: 60.4563%; height: 48px;\">Larghezza petto:<\/td>\n<td style=\"width: 1.52091%; height: 48px;\"><\/td>\n<td style=\"width: 8.36502%; height: 48px;\">44<\/td>\n<td style=\"width: 9.88593%; height: 48px;\">46<\/td>\n<td style=\"width: 8.36502%; height: 48px;\">48<\/td>\n<td style=\"width: 3.80228%; height: 48px;\">50<\/td>\n<td style=\"width: 1.52091%; height: 48px;\">54<\/td>\n<td style=\"width: 1.52091%; height: 48px;\"><\/td>\n<\/tr>\n<tr style=\"height: 48px;\">\n<td style=\"width: 60.4563%; height: 48px;\">Larghezza spalla:<\/td>\n<td style=\"width: 1.52091%; height: 48px;\"><\/td>\n<td style=\"width: 8.36502%; height: 48px;\">33<\/td>\n<td style=\"width: 9.88593%; height: 48px;\">35<\/td>\n<td style=\"width: 8.36502%; height: 48px;\">37<\/td>\n<td style=\"width: 3.80228%; height: 48px;\">39<\/td>\n<td style=\"width: 1.52091%; height: 48px;\">41<\/td>\n<td style=\"width: 1.52091%; height: 48px;\"><\/td>\n<\/tr>\n<tr style=\"height: 66px;\">\n<td style=\"width: 60.4563%; height: 66px;\">Lunghezza manica:<\/td>\n<td style=\"width: 1.52091%; height: 66px;\"><\/td>\n<td style=\"width: 8.36502%; height: 66px;\">58<\/td>\n<td style=\"width: 9.88593%; height: 66px;\">59<\/td>\n<td style=\"width: 8.36502%; height: 66px;\">60<\/td>\n<td style=\"width: 3.80228%; height: 66px;\">61<\/td>\n<td style=\"width: 1.52091%; height: 66px;\">61<\/td>\n<td style=\"width: 1.52091%; height: 66px;\"><\/td>\n<\/tr>\n<tr>\n<td style=\"width: 60.4563%;\">Larghezza fondo<\/td>\n<td style=\"width: 1.52091%;\"><\/td>\n<td style=\"width: 8.36502%;\">54<\/td>\n<td style=\"width: 9.88593%;\">56<\/td>\n<td style=\"width: 8.36502%;\">58<\/td>\n<td style=\"width: 3.80228%;\">60<\/td>\n<td style=\"width: 1.52091%;\">64<\/td>\n<td style=\"width: 1.52091%;\"><\/td>\n<\/tr>\n<\/tbody>\n<\/table>\n<p><img decoding=\"async\" src=\"https:\/\/www.maglificioannamaria.it\/wp-content\/uploads\/2023\/04\/esempio-tabella-taglie-2-modello-standard.jpg\" \/><\/p>\n<p>&nbsp;<\/p>\n<div class=\"msg-prodotto-ex-wpbakery\">\n<p>&nbsp;<\/p>\n<\/div>\n","protected":false},"excerpt":{"rendered":"<p>Abbiamo selezionato le migliori fibre di lana per questo capo che ti stupir\u00e0 per la sua morbidezza e la sua vestibilit\u00e0, lo trovi in due tonalit\u00e0 basiche, scende leggermente a trapezio.<\/p>\n<p><strong>Composizione<\/strong>: 45<span data-sheets-value=\"{&quot;1&quot;:2,&quot;2&quot;:&quot;40% lana merinos, 25% viscosa, 20% cashmere, 15% poliammide&quot;}\" data-sheets-userformat=\"{&quot;2&quot;:8403905,&quot;3&quot;:[null,0],&quot;9&quot;:1,&quot;10&quot;:2,&quot;11&quot;:0,&quot;12&quot;:0,&quot;14&quot;:[null,2,0],&quot;15&quot;:&quot;Roboto&quot;,&quot;16&quot;:9,&quot;26&quot;:400}\">% lana, 20% cashmere, 20% poliammide, 15% viscosa<\/span><\/p>\n","protected":false},"featured_media":70510,"template":"","meta":[],"product_brand":[],"product_cat":[45,261],"product_tag":[1859,578,373],"class_list":{"0":"post-71036","1":"product","2":"type-product","3":"status-publish","4":"has-post-thumbnail","6":"product_cat-donna","7":"product_cat-maglie-chiuse-donna","8":"product_tag-girocollo-a-trapezio","9":"product_tag-girocollo-lana-donna","10":"product_tag-outlet","12":"first","13":"instock","14":"sale","15":"featured","16":"purchasable","17":"product-type-variable","18":"has-default-attributes"},"_links":{"self":[{"href":"https:\/\/www.maglificioannamaria.it\/it\/wp-json\/wp\/v2\/product\/71036","targetHints":{"allow":["GET"]}}],"collection":[{"href":"https:\/\/www.maglificioannamaria.it\/it\/wp-json\/wp\/v2\/product"}],"about":[{"href":"https:\/\/www.maglificioannamaria.it\/it\/wp-json\/wp\/v2\/types\/product"}],"wp:featuredmedia":[{"embeddable":true,"href":"https:\/\/www.maglificioannamaria.it\/it\/wp-json\/wp\/v2\/media\/70510"}],"wp:attachment":[{"href":"https:\/\/www.maglificioannamaria.it\/it\/wp-json\/wp\/v2\/media?parent=71036"}],"wp:term":[{"taxonomy":"product_brand","embeddable":true,"href":"https:\/\/www.maglificioannamaria.it\/it\/wp-json\/wp\/v2\/product_brand?post=71036"},{"taxonomy":"product_cat","embeddable":true,"href":"https:\/\/www.maglificioannamaria.it\/it\/wp-json\/wp\/v2\/product_cat?post=71036"},{"taxonomy":"product_tag","embeddable":true,"href":"https:\/\/www.maglificioannamaria.it\/it\/wp-json\/wp\/v2\/product_tag?post=71036"}],"curies":[{"name":"wp","href":"https:\/\/api.w.org\/{rel}","templated":true}]}}