{"id":74296,"date":"2026-03-27T09:51:24","date_gmt":"2026-03-27T08:51:24","guid":{"rendered":"https:\/\/www.maglificioannamaria.it\/?post_type=product&#038;p=74296"},"modified":"2026-05-14T10:58:26","modified_gmt":"2026-05-14T08:58:26","slug":"gile-in-lana-da-uomo-in-punto-tessuto-con-tasche-e-bottoni-gile-giovanni","status":"publish","type":"product","link":"https:\/\/www.maglificioannamaria.it\/it\/prodotto\/gile-in-lana-da-uomo-in-punto-tessuto-con-tasche-e-bottoni-gile-giovanni\/","title":{"rendered":"Gil\u00e8 in lana da uomo scollato a V in punto tessuto con tasche e bottoni Gil\u00e8 Giovanni"},"content":{"rendered":"<p><strong>Vestibilit\u00e0:<\/strong>\u00a0<span class=\"h-text h-color-black body\">Regolare<\/span><br \/>\n<strong>Lunghezza:<\/strong>\u00a0<span class=\"h-text h-color-black body\">Regolare<br \/>\n<strong>Spalla:<\/strong> Regolare<\/span><\/p>\n<table class=\"minimalistBlack\" style=\"width: 29.6683%; height: 106px;\">\n<thead>\n<tr style=\"height: 24px;\">\n<th style=\"width: 45.7971%; height: 24px;\"><strong>TABELLA MISURE<\/strong><\/th>\n<th style=\"width: 6.95652%; height: 24px;\"><\/th>\n<th style=\"width: 6.95652%; height: 24px;\">M<\/th>\n<th style=\"width: 6.95652%; height: 24px;\">L<\/th>\n<th style=\"width: 7.24638%; height: 24px;\">XL<\/th>\n<th style=\"width: 10.4348%; height: 24px;\">2XL<\/th>\n<th style=\"width: 10.7246%; height: 24px;\">3XL<\/th>\n<\/tr>\n<\/thead>\n<tbody>\n<tr style=\"height: 24px;\">\n<td style=\"width: 45.7971%; height: 24px;\">Lunghezza:<\/td>\n<td style=\"width: 6.95652%; height: 24px;\"><\/td>\n<td style=\"width: 6.95652%; height: 24px;\">66<\/td>\n<td style=\"width: 6.95652%; height: 24px;\">68<\/td>\n<td style=\"width: 7.24638%; height: 24px;\">70<\/td>\n<td style=\"width: 10.4348%; height: 24px;\">\u00a072<\/td>\n<td style=\"width: 10.7246%; height: 24px;\">74<\/td>\n<\/tr>\n<tr style=\"height: 24px;\">\n<td style=\"width: 45.7971%; height: 24px;\">Larghezza petto:<\/td>\n<td style=\"width: 6.95652%; height: 24px;\"><\/td>\n<td style=\"width: 6.95652%; height: 24px;\">52<\/td>\n<td style=\"width: 6.95652%; height: 24px;\">54<\/td>\n<td style=\"width: 7.24638%; height: 24px;\">56<\/td>\n<td style=\"width: 10.4348%; height: 24px;\">\u00a058<\/td>\n<td style=\"width: 10.7246%; height: 24px;\">60<\/td>\n<\/tr>\n<tr style=\"height: 24px;\">\n<td style=\"width: 45.7971%; height: 24px;\">Larghezza spalla:<\/td>\n<td style=\"width: 6.95652%; height: 24px;\"><\/td>\n<td style=\"width: 6.95652%; height: 24px;\">37<\/td>\n<td style=\"width: 6.95652%; height: 24px;\">39<\/td>\n<td style=\"width: 7.24638%; height: 24px;\">41<\/td>\n<td style=\"width: 10.4348%; height: 24px;\">\u00a043<\/td>\n<td style=\"width: 10.7246%; height: 24px;\">45<\/td>\n<\/tr>\n<\/tbody>\n<\/table>\n<p>&nbsp;<\/p>\n","protected":false},"excerpt":{"rendered":"<p>Gil\u00e8 da uomo in lana a punto tessuto, molto resistente con tre tasche e bottoni a contrasto. Nella stagione pi\u00f9 fredda per completare il tuo look puoi provare il nostro Bomber Giovanni.<\/p>\n<p><strong>Composizione delle fibre<\/strong>: 90%<span data-sheets-value=\"{&quot;1&quot;:2,&quot;2&quot;:&quot;40% lana merinos, 25% viscosa, 20% cashmere, 15% poliammide&quot;}\" data-sheets-userformat=\"{&quot;2&quot;:8403905,&quot;3&quot;:[null,0],&quot;9&quot;:1,&quot;10&quot;:2,&quot;11&quot;:0,&quot;12&quot;:0,&quot;14&quot;:[null,2,0],&quot;15&quot;:&quot;Roboto&quot;,&quot;16&quot;:9,&quot;26&quot;:400}\"> lana, 10% cashmere<\/span><\/p>\n","protected":false},"featured_media":74679,"template":"","meta":[],"product_brand":[],"product_cat":[62,215],"product_tag":[1833,628,450],"class_list":{"0":"post-74296","1":"product","2":"type-product","3":"status-publish","4":"has-post-thumbnail","6":"product_cat-uomo","7":"product_cat-gilet-uomo","8":"product_tag-gile-aperto","9":"product_tag-nuovi-arrivi","10":"product_tag-nuovi-colori","12":"first","13":"instock","14":"purchasable","15":"product-type-variable","16":"has-default-attributes"},"_links":{"self":[{"href":"https:\/\/www.maglificioannamaria.it\/it\/wp-json\/wp\/v2\/product\/74296","targetHints":{"allow":["GET"]}}],"collection":[{"href":"https:\/\/www.maglificioannamaria.it\/it\/wp-json\/wp\/v2\/product"}],"about":[{"href":"https:\/\/www.maglificioannamaria.it\/it\/wp-json\/wp\/v2\/types\/product"}],"wp:featuredmedia":[{"embeddable":true,"href":"https:\/\/www.maglificioannamaria.it\/it\/wp-json\/wp\/v2\/media\/74679"}],"wp:attachment":[{"href":"https:\/\/www.maglificioannamaria.it\/it\/wp-json\/wp\/v2\/media?parent=74296"}],"wp:term":[{"taxonomy":"product_brand","embeddable":true,"href":"https:\/\/www.maglificioannamaria.it\/it\/wp-json\/wp\/v2\/product_brand?post=74296"},{"taxonomy":"product_cat","embeddable":true,"href":"https:\/\/www.maglificioannamaria.it\/it\/wp-json\/wp\/v2\/product_cat?post=74296"},{"taxonomy":"product_tag","embeddable":true,"href":"https:\/\/www.maglificioannamaria.it\/it\/wp-json\/wp\/v2\/product_tag?post=74296"}],"curies":[{"name":"wp","href":"https:\/\/api.w.org\/{rel}","templated":true}]}}