{"id":74413,"date":"2026-03-27T11:27:20","date_gmt":"2026-03-27T10:27:20","guid":{"rendered":"https:\/\/www.maglificioannamaria.it\/?post_type=product&#038;p=74413"},"modified":"2026-05-14T10:53:27","modified_gmt":"2026-05-14T08:53:27","slug":"girocollo-da-donna-in-cotone-a-trapezio-giro-alpha-trapezio-cotone","status":"publish","type":"product","link":"https:\/\/www.maglificioannamaria.it\/it\/prodotto\/girocollo-da-donna-in-cotone-a-trapezio-giro-alpha-trapezio-cotone\/","title":{"rendered":"Girocollo da donna in cotone a trapezio- Giro Alpha Trapezio Cotone"},"content":{"rendered":"<p><strong>Vestibilit\u00e0: regolare<\/strong><\/p>\n<p><strong>Lunghezza: regolare<\/strong><span class=\"h-text h-color-black body\"><br \/>\n<strong>Lunghezza manica: regolare<\/strong><br \/>\n<\/span><\/p>\n<table class=\"minimalistBlack\" style=\"width: 22.9201%; height: 234px;\">\n<thead>\n<tr style=\"height: 48px;\">\n<th style=\"width: 60.4563%; height: 48px;\"><strong>TABELLA MISURE<\/strong><\/th>\n<th style=\"width: 1.52091%; height: 48px;\"><\/th>\n<th style=\"width: 8.36502%; height: 48px;\">S<\/th>\n<th style=\"width: 9.88593%; height: 48px;\">M<\/th>\n<th style=\"width: 8.36502%; height: 48px;\">L<\/th>\n<th style=\"width: 3.80228%; height: 48px;\"><\/th>\n<th style=\"width: 3.20513%; height: 48px;\"><\/th>\n<th style=\"width: 3.20513%; height: 48px;\"><\/th>\n<\/tr>\n<\/thead>\n<tbody>\n<tr style=\"height: 24px;\">\n<td style=\"width: 60.4563%; height: 24px;\">Lunghezza:<\/td>\n<td style=\"width: 1.52091%; height: 24px;\"><\/td>\n<td style=\"width: 8.36502%; height: 24px;\">60<\/td>\n<td style=\"width: 9.88593%; height: 24px;\">62<\/td>\n<td style=\"width: 8.36502%; height: 24px;\">64<\/td>\n<td style=\"width: 3.80228%; height: 24px;\"><\/td>\n<td style=\"width: 3.20513%; height: 24px;\"><\/td>\n<td style=\"width: 3.20513%; height: 24px;\"><\/td>\n<\/tr>\n<tr style=\"height: 48px;\">\n<td style=\"width: 60.4563%; height: 48px;\">Larghezza petto:<\/td>\n<td style=\"width: 1.52091%; height: 48px;\"><\/td>\n<td style=\"width: 8.36502%; height: 48px;\">44<\/td>\n<td style=\"width: 9.88593%; height: 48px;\">46<\/td>\n<td style=\"width: 8.36502%; height: 48px;\">48<\/td>\n<td style=\"width: 3.80228%; height: 48px;\"><\/td>\n<td style=\"width: 3.20513%; height: 48px;\"><\/td>\n<td style=\"width: 3.20513%; height: 48px;\"><\/td>\n<\/tr>\n<tr style=\"height: 48px;\">\n<td style=\"width: 60.4563%; height: 48px;\">Larghezza spalla:<\/td>\n<td style=\"width: 1.52091%; height: 48px;\"><\/td>\n<td style=\"width: 8.36502%; height: 48px;\">33<\/td>\n<td style=\"width: 9.88593%; height: 48px;\">35<\/td>\n<td style=\"width: 8.36502%; height: 48px;\">37<\/td>\n<td style=\"width: 3.80228%; height: 48px;\"><\/td>\n<td style=\"width: 3.20513%; height: 48px;\"><\/td>\n<td style=\"width: 3.20513%; height: 48px;\"><\/td>\n<\/tr>\n<tr style=\"height: 66px;\">\n<td style=\"width: 60.4563%; height: 66px;\">Lunghezza manica:<\/td>\n<td style=\"width: 1.52091%; height: 66px;\"><\/td>\n<td style=\"width: 8.36502%; height: 66px;\">58<\/td>\n<td style=\"width: 9.88593%; height: 66px;\">59<\/td>\n<td style=\"width: 8.36502%; height: 66px;\">60<\/td>\n<td style=\"width: 3.80228%; height: 66px;\"><\/td>\n<td style=\"width: 3.20513%; height: 66px;\"><\/td>\n<td style=\"width: 3.20513%; height: 66px;\"><\/td>\n<\/tr>\n<tr>\n<td style=\"width: 60.4563%;\">Larghezza fondo<\/td>\n<td style=\"width: 1.52091%;\"><\/td>\n<td style=\"width: 8.36502%;\">54<\/td>\n<td style=\"width: 9.88593%;\">56<\/td>\n<td style=\"width: 8.36502%;\">58<\/td>\n<td style=\"width: 3.80228%;\"><\/td>\n<td style=\"width: 3.20513%;\"><\/td>\n<td style=\"width: 3.20513%;\"><\/td>\n<\/tr>\n<\/tbody>\n<\/table>\n<p><img decoding=\"async\" src=\"https:\/\/www.maglificioannamaria.it\/wp-content\/uploads\/2023\/04\/esempio-tabella-taglie-2-modello-standard.jpg\" \/><\/p>\n<p>&nbsp;<\/p>\n<div class=\"msg-prodotto-ex-wpbakery\">\n<p>&nbsp;<\/p>\n<\/div>\n","protected":false},"excerpt":{"rendered":"<p>Abbiamo selezionato le migliori fibre di cotone per questo capo che ti stupir\u00e0 per la sua morbidezza e la sua vestibilit\u00e0, lo trovi in fresche tonalit\u00e0 estive, scende leggermente a trapezio.<\/p>\n<p><strong>Composizione<\/strong>: 100<span data-sheets-value=\"{&quot;1&quot;:2,&quot;2&quot;:&quot;40% lana merinos, 25% viscosa, 20% cashmere, 15% poliammide&quot;}\" data-sheets-userformat=\"{&quot;2&quot;:8403905,&quot;3&quot;:[null,0],&quot;9&quot;:1,&quot;10&quot;:2,&quot;11&quot;:0,&quot;12&quot;:0,&quot;14&quot;:[null,2,0],&quot;15&quot;:&quot;Roboto&quot;,&quot;16&quot;:9,&quot;26&quot;:400}\">% cotone<\/span><\/p>\n","protected":false},"featured_media":74669,"template":"","meta":[],"product_brand":[],"product_cat":[45,261,539],"product_tag":[1859,628],"class_list":{"0":"post-74413","1":"product","2":"type-product","3":"status-publish","4":"has-post-thumbnail","6":"product_cat-donna","7":"product_cat-maglie-chiuse-donna","8":"product_cat-taglie-forti","9":"product_tag-girocollo-a-trapezio","10":"product_tag-nuovi-arrivi","12":"first","13":"instock","14":"featured","15":"purchasable","16":"product-type-variable","17":"has-default-attributes"},"_links":{"self":[{"href":"https:\/\/www.maglificioannamaria.it\/it\/wp-json\/wp\/v2\/product\/74413","targetHints":{"allow":["GET"]}}],"collection":[{"href":"https:\/\/www.maglificioannamaria.it\/it\/wp-json\/wp\/v2\/product"}],"about":[{"href":"https:\/\/www.maglificioannamaria.it\/it\/wp-json\/wp\/v2\/types\/product"}],"wp:featuredmedia":[{"embeddable":true,"href":"https:\/\/www.maglificioannamaria.it\/it\/wp-json\/wp\/v2\/media\/74669"}],"wp:attachment":[{"href":"https:\/\/www.maglificioannamaria.it\/it\/wp-json\/wp\/v2\/media?parent=74413"}],"wp:term":[{"taxonomy":"product_brand","embeddable":true,"href":"https:\/\/www.maglificioannamaria.it\/it\/wp-json\/wp\/v2\/product_brand?post=74413"},{"taxonomy":"product_cat","embeddable":true,"href":"https:\/\/www.maglificioannamaria.it\/it\/wp-json\/wp\/v2\/product_cat?post=74413"},{"taxonomy":"product_tag","embeddable":true,"href":"https:\/\/www.maglificioannamaria.it\/it\/wp-json\/wp\/v2\/product_tag?post=74413"}],"curies":[{"name":"wp","href":"https:\/\/api.w.org\/{rel}","templated":true}]}}