{"id":74539,"date":"2026-03-30T09:42:35","date_gmt":"2026-03-30T07:42:35","guid":{"rendered":"https:\/\/www.maglificioannamaria.it\/?post_type=product&#038;p=74539"},"modified":"2026-05-14T10:33:05","modified_gmt":"2026-05-14T08:33:05","slug":"gile-in-lana-unisex-lavorato-a-trecce-gile-vajolet","status":"publish","type":"product","link":"https:\/\/www.maglificioannamaria.it\/it\/prodotto\/gile-in-lana-unisex-lavorato-a-trecce-gile-vajolet\/","title":{"rendered":"Gil\u00e8 in lana unisex lavorato a trecce &#8211; Gil\u00e8 Vajolet"},"content":{"rendered":"<p><strong>Vestibilit\u00e0: <\/strong>regolare<br \/>\n<strong>Lunghezza:<\/strong> regolare<span class=\"h-text h-color-black body\"><br \/>\n<strong>Larghezza spalla<\/strong><\/span><strong>:<\/strong> regolare<\/p>\n<table class=\"minimalistBlack\" style=\"width: 28.0707%; height: 106px;\">\n<thead>\n<tr style=\"height: 24px;\">\n<th style=\"width: 52.7505%; height: 24px;\"><strong>TABELLA MISURE<\/strong><\/th>\n<th style=\"width: 3.10559%; height: 24px;\">XS<\/th>\n<th style=\"width: 6.5625%; height: 24px;\">S<\/th>\n<th style=\"width: 6.5625%; height: 24px;\">M<\/th>\n<th style=\"width: 6.5625%; height: 24px;\">L<\/th>\n<th style=\"width: 6.5625%; height: 24px;\">XL<\/th>\n<th style=\"width: 6.5625%; height: 24px;\">XXL<\/th>\n<th style=\"width: 10%; height: 24px;\"><\/th>\n<\/tr>\n<\/thead>\n<tbody>\n<tr style=\"height: 24px;\">\n<td style=\"width: 52.7505%; height: 24px;\">Lunghezza:<\/td>\n<td style=\"width: 3.10559%; height: 24px;\">62<\/td>\n<td style=\"width: 6.5625%; height: 24px;\">64<\/td>\n<td style=\"width: 6.5625%; height: 24px;\">66<\/td>\n<td style=\"width: 6.5625%; height: 24px;\">68<\/td>\n<td style=\"width: 6.5625%; height: 24px;\">70<\/td>\n<td style=\"width: 6.5625%; height: 24px;\">72<\/td>\n<td style=\"width: 10%; height: 24px;\"><\/td>\n<\/tr>\n<tr style=\"height: 24px;\">\n<td style=\"width: 52.7505%; height: 24px;\">Larghezza petto:<\/td>\n<td style=\"width: 3.10559%; height: 24px;\">44<\/td>\n<td style=\"width: 6.5625%; height: 24px;\">47<\/td>\n<td style=\"width: 6.5625%; height: 24px;\">50<\/td>\n<td style=\"width: 6.5625%; height: 24px;\">53<\/td>\n<td style=\"width: 6.5625%; height: 24px;\">56<\/td>\n<td style=\"width: 6.5625%; height: 24px;\">58<\/td>\n<td style=\"width: 10%; height: 24px;\"><\/td>\n<\/tr>\n<tr style=\"height: 24px;\">\n<td style=\"width: 52.7505%; height: 24px;\">Larghezza spalla:<\/td>\n<td style=\"width: 3.10559%; height: 24px;\">34<\/td>\n<td style=\"width: 6.5625%; height: 24px;\">36<\/td>\n<td style=\"width: 6.5625%; height: 24px;\">38<\/td>\n<td style=\"width: 6.5625%; height: 24px;\">40<\/td>\n<td style=\"width: 6.5625%; height: 24px;\">42<\/td>\n<td style=\"width: 6.5625%; height: 24px;\">44<\/td>\n<td style=\"width: 10%; height: 24px;\"><\/td>\n<\/tr>\n<tr style=\"height: 10px;\">\n<td style=\"width: 52.7505%; height: 10px;\"><\/td>\n<td style=\"width: 3.10559%; height: 10px;\"><\/td>\n<td style=\"width: 6.5625%; height: 10px;\"><\/td>\n<td style=\"width: 6.5625%; height: 10px;\"><\/td>\n<td style=\"width: 6.5625%; height: 10px;\"><\/td>\n<td style=\"width: 6.5625%; height: 10px;\"><\/td>\n<td style=\"width: 6.5625%; height: 10px;\"><\/td>\n<td style=\"width: 10%; height: 10px;\"><\/td>\n<\/tr>\n<\/tbody>\n<\/table>\n<p><img fetchpriority=\"high\" decoding=\"async\" class=\"\" src=\"http:\/\/maglificioannamaria.it\/wp-content\/uploads\/2022\/08\/misure-standard.jpg\" width=\"642\" height=\"438\" \/><\/p>\n<p>&nbsp;<\/p>\n","protected":false},"excerpt":{"rendered":"<p>Gil\u00e8 classico lavorato a trecce, completa ogni look con eleganza.<\/p>\n<p>Disponibile nella taglie dalla XS alla XXL, vestibilit\u00e0 unisex.<\/p>\n<p><strong>Composizione : <\/strong>80% lana, 20% poliammide<\/p>\n","protected":false},"featured_media":74680,"template":"","meta":[],"product_brand":[],"product_cat":[45,261],"product_tag":[628,450,420],"class_list":{"0":"post-74539","1":"product","2":"type-product","3":"status-publish","4":"has-post-thumbnail","6":"product_cat-donna","7":"product_cat-maglie-chiuse-donna","8":"product_tag-nuovi-arrivi","9":"product_tag-nuovi-colori","10":"product_tag-unisex","12":"first","13":"instock","14":"purchasable","15":"product-type-variable"},"_links":{"self":[{"href":"https:\/\/www.maglificioannamaria.it\/it\/wp-json\/wp\/v2\/product\/74539","targetHints":{"allow":["GET"]}}],"collection":[{"href":"https:\/\/www.maglificioannamaria.it\/it\/wp-json\/wp\/v2\/product"}],"about":[{"href":"https:\/\/www.maglificioannamaria.it\/it\/wp-json\/wp\/v2\/types\/product"}],"wp:featuredmedia":[{"embeddable":true,"href":"https:\/\/www.maglificioannamaria.it\/it\/wp-json\/wp\/v2\/media\/74680"}],"wp:attachment":[{"href":"https:\/\/www.maglificioannamaria.it\/it\/wp-json\/wp\/v2\/media?parent=74539"}],"wp:term":[{"taxonomy":"product_brand","embeddable":true,"href":"https:\/\/www.maglificioannamaria.it\/it\/wp-json\/wp\/v2\/product_brand?post=74539"},{"taxonomy":"product_cat","embeddable":true,"href":"https:\/\/www.maglificioannamaria.it\/it\/wp-json\/wp\/v2\/product_cat?post=74539"},{"taxonomy":"product_tag","embeddable":true,"href":"https:\/\/www.maglificioannamaria.it\/it\/wp-json\/wp\/v2\/product_tag?post=74539"}],"curies":[{"name":"wp","href":"https:\/\/api.w.org\/{rel}","templated":true}]}}